{"id":2997,"date":"2024-07-10T14:52:44","date_gmt":"2024-07-10T12:52:44","guid":{"rendered":"https:\/\/marka.belin.pl\/?page_id=2997"},"modified":"2024-07-10T14:57:22","modified_gmt":"2024-07-10T12:57:22","slug":"efrrow","status":"publish","type":"page","link":"https:\/\/marka.belin.pl\/?page_id=2997","title":{"rendered":"efrrow"},"content":{"rendered":"<p><strong>Sprawozdanie z realizacji 1 etapu operacji pt. \u201e<\/strong><strong>Opracowanie innowacyjnej technologii pozyskania, przygotowania i przetw\u00f3rstwa surowc\u00f3w zielarskich w produkcji udoskonalonych herbat zio\u0142owych jednorodnych o dodatkowych cechach funkcjonalnych\u201d <\/strong>(numer umowy: 00051.DDD.6509.00113.2022.15)<\/p>\n<p><strong>\u00a0<\/strong><\/p>\n<ol>\n<li>Cel:<\/li>\n<\/ol>\n<ul>\n<li>Opracowanie innowacyjnej technologii pozyskania, przygotowania i przetw\u00f3rstwa surowc\u00f3w zielarskich o dodatkowych cechach funkcjonalnych<\/li>\n<\/ul>\n<p>&nbsp;<\/p>\n<ol start=\"2\">\n<li>Czas trwania:<\/li>\n<\/ol>\n<ul>\n<li>1 czerwca 2023 roku do 30 listopada 2023 roku<\/li>\n<\/ul>\n<p>&nbsp;<\/p>\n<ol start=\"3\">\n<li>Wykaz zrealizowanych zada\u0144:<\/li>\n<\/ol>\n<ul>\n<li>wst\u0119pne przygotowanie surowca o r\u00f3\u017cnych parametrach jako\u015bciowych (m.in. granulacja, wilgotno\u015b\u0107, (Rolnik)<\/li>\n<li>przygotowanie pr\u00f3b r\u00f3\u017cnych frakcji surowca do bada\u0144: dob\u00f3r i pobieranie pr\u00f3b r\u00f3\u017cnych frakcji surowc\u00f3w zio\u0142owych, przesy\u0142anie do producenta i jednostki naukowo-badawczej pr\u00f3bek surowca celem wykonania bada\u0144 metodami referencyjnymi (Rolnik)<\/li>\n<li>opracowanie i testowanie technologii pozyskania, przygotowania i przetw\u00f3rstwa surowc\u00f3w zielarskich o zoptymalizowanych cechach w oparciu o wyniki analiz NIR (Rolnik)<\/li>\n<li>opracowanie i testowanie technologii konfekcjonowania (BELiN)<\/li>\n<li>przeprowadzenie bada\u0144 oceny jako\u015bci suszu (zakres: metody analizy chemicznej (tzw. klasyczne) tj. wilgotno\u015b\u0107, popi\u00f3\u0142, olejki eteryczne oraz metody instrumentalne tj. NIR), przygotowanie krzywych referencyjnych dla ka\u017cdego rodzaju surowca (BELiN)<\/li>\n<li>przeprowadzenie bada\u0144 oceny wp\u0142ywu granulacji na jako\u015b\u0107 suszu (zakres: metody analizy chemicznej (tzw. klasyczne) tj. wilgotno\u015b\u0107, popi\u00f3\u0142, olejki eteryczne oraz metody instrumentalne tj. NIR) i naparu (zakres: instrumentalny pomiar barwy, aktywno\u015b\u0107 antyoksydacyjna, polifenole, aktywno\u015b\u0107 hamuj\u0105ca \u03b1-amylaz\u0119 i \u03b1-glukozydaz\u0119, jako\u015b\u0107 sensoryczn\u0105 (UEP)<\/li>\n<li>opracowanie algorytm\u00f3w zale\u017cno\u015bci jako\u015bci suszu i napar\u00f3w od widm NIR i ich testowanie w warunkach laboratoryjnych (UEP).<\/li>\n<\/ul>\n<p><strong>\u00a0<\/strong><\/p>\n<ol start=\"4\">\n<li><strong>Opis wykonanych zada\u0144<\/strong><\/li>\n<\/ol>\n<p><strong>\u00a0<\/strong><\/p>\n<p>W ramach etapu, realizatorzy Operacji, dokonali zakup\u00f3w element\u00f3w pilota\u017cowej linii do pozyskania, przygotowania i przetw\u00f3rstwa surowc\u00f3w zielarskich, sprz\u0119t\u00f3w i odczynnik\u00f3w w celu opracowania innowacyjnej technologii pozyskania, przygotowania i przetw\u00f3rstwa surowc\u00f3w zielarskich o dodatkowych cechach funkcjonalnych. Szczeg\u00f3\u0142owy wykaz zrealizowanych zakup\u00f3w i prac badawczych zaprezentowano we wniosku o p\u0142atno\u015b\u0107 etapu I. Przyk\u0142adowe zdj\u0119cia pozyskanych przez Rolnika sprz\u0119t\u00f3w czy element\u00f3w linii technologicznych zaprezentowano na poni\u017cszych zdj\u0119ciach.<\/p>\n<p>&nbsp;<\/p>\n<p>&nbsp;<\/p>\n<p>&nbsp;<\/p>\n<p>&nbsp;<\/p>\n<p>&nbsp;<\/p>\n<p>W ramach etapu I Lider (BELiN) zakupi\u0142 innowacyjn\u0105, pilota\u017cow\u0105 lini\u0119 do konfekcjonowania surowc\u00f3w zielarskich.<\/p>\n<p>&nbsp;<\/p>\n<p>&nbsp;<\/p>\n<p>&nbsp;<\/p>\n<p>Opis opracowanej innowacyjnej technologii przetw\u00f3rstwa surowc\u00f3w zielarskich o dodatkowych cechach funkcjonalnych zosta\u0142a zaprezentowana na schematach.<\/p>\n<p>Dotychczasowa technologia<\/p>\n<p>Nowa technologia<\/p>\n<p>&nbsp;<\/p>\n<p>Badania jako\u015bci suszu zielarskiego Belin<\/p>\n<p><strong>\u00a0<\/strong><\/p>\n<p><strong>\u00a0<\/strong><\/p>\n<p>Analiza wynik\u00f3w przeprowadzonych prac badawczych dotycz\u0105ce oceny jako\u015bci suszu, wp\u0142ywu m.in. granulacji, temperatury na jako\u015b\u0107\u00a0 suszy i napar\u00f3w pozwoli\u0142o na wyci\u0105gni\u0119cie najistotniejszych wniosk\u00f3w:<\/p>\n<ul>\n<li>zaobserwowano istotne statystycznie r\u00f3\u017cnice w warto\u015bciach ci\u0119\u017caru nasypowego mi\u0119dzy r\u00f3\u017cnymi frakcjami (D, G, L) w przypadku wszystkich badanych surowc\u00f3w (melisa, rumianek, mi\u0119ta, pokrzywa),<\/li>\n<li>istotne statystycznie r\u00f3\u017cnice w przypadku wilgotno\u015bci mi\u0119dzy r\u00f3\u017cnymi frakcjami zaobserwowano tylko w przypadku melisy,<\/li>\n<li>wp\u0142yw frakcji na w\u0142a\u015bciwo\u015bci przeciwutleniaj\u0105ce jest uzale\u017cniony od surowca; najwi\u0119kszy wp\u0142yw frakcji na parametry zwi\u0105zane z w\u0142a\u015bciwo\u015bciami przeciwutleniaj\u0105cymi surowc\u00f3w zaobserwowano w przypadku pokrzywy (FRAP, DPPH, ABTS, TPC). Cz\u0119\u015b\u0107 parametr\u00f3w wykazywa\u0142a istotne statystycznie wzgl\u0119dem frakcji r\u00f3\u017cnice w przypadku rumianku (DPPH, TPC) i mi\u0119ty (FRAP, ABTS); najmniejszy wp\u0142yw na parametry zwi\u0105zane z w\u0142a\u015bciwo\u015bciami przeciwutleniaj\u0105cymi wzgl\u0119dem fakcji\u00a0 zaobserwowano w przypadku melisy,<\/li>\n<li>najwi\u0119ksze r\u00f3\u017cnice w barwie napar\u00f3w zaobserwowano w przypadku parametr\u00f3w uzyskanych dla mi\u0119ty.<\/li>\n<li>temperatura (w przyj\u0119tym zakresie 40-60<sup>\u25cb<\/sup>C) ma nieznaczny lub nieistotny statystycznie wp\u0142yw na badane parametry.<\/li>\n<\/ul>\n<p>Uzyskane dane z wykorzystaniem metod klasycznych pozwoli\u0142y na opracowanie algorytm\u00f3w zale\u017cno\u015bci jako\u015bci suszu i napar\u00f3w od widm NIR i ich testowanie w warunkach laboratoryjnych.<\/p>\n<p><img loading=\"lazy\" decoding=\"async\" class=\"alignnone size-medium wp-image-3007\" src=\"https:\/\/marka.belin.pl\/wp-content\/uploads\/2024\/07\/1-1-225x300.jpg\" alt=\"\" width=\"225\" height=\"300\" srcset=\"https:\/\/marka.belin.pl\/wp-content\/uploads\/2024\/07\/1-1-225x300.jpg 225w, https:\/\/marka.belin.pl\/wp-content\/uploads\/2024\/07\/1-1-768x1024.jpg 768w, https:\/\/marka.belin.pl\/wp-content\/uploads\/2024\/07\/1-1-1152x1536.jpg 1152w, https:\/\/marka.belin.pl\/wp-content\/uploads\/2024\/07\/1-1-135x180.jpg 135w, https:\/\/marka.belin.pl\/wp-content\/uploads\/2024\/07\/1-1-450x600.jpg 450w, https:\/\/marka.belin.pl\/wp-content\/uploads\/2024\/07\/1-1-rotated.jpg 1301w\" sizes=\"auto, (max-width: 225px) 100vw, 225px\" \/> <img loading=\"lazy\" decoding=\"async\" class=\"alignnone size-medium wp-image-3008\" src=\"https:\/\/marka.belin.pl\/wp-content\/uploads\/2024\/07\/2-1-225x300.jpg\" alt=\"\" width=\"225\" height=\"300\" srcset=\"https:\/\/marka.belin.pl\/wp-content\/uploads\/2024\/07\/2-1-225x300.jpg 225w, https:\/\/marka.belin.pl\/wp-content\/uploads\/2024\/07\/2-1-768x1024.jpg 768w, https:\/\/marka.belin.pl\/wp-content\/uploads\/2024\/07\/2-1-1152x1536.jpg 1152w, https:\/\/marka.belin.pl\/wp-content\/uploads\/2024\/07\/2-1-135x180.jpg 135w, https:\/\/marka.belin.pl\/wp-content\/uploads\/2024\/07\/2-1-450x600.jpg 450w, https:\/\/marka.belin.pl\/wp-content\/uploads\/2024\/07\/2-1-rotated.jpg 1301w\" sizes=\"auto, (max-width: 225px) 100vw, 225px\" \/> <img loading=\"lazy\" decoding=\"async\" class=\"alignnone size-medium wp-image-3009\" src=\"https:\/\/marka.belin.pl\/wp-content\/uploads\/2024\/07\/3-1-225x300.jpg\" alt=\"\" width=\"225\" height=\"300\" srcset=\"https:\/\/marka.belin.pl\/wp-content\/uploads\/2024\/07\/3-1-225x300.jpg 225w, https:\/\/marka.belin.pl\/wp-content\/uploads\/2024\/07\/3-1-768x1024.jpg 768w, https:\/\/marka.belin.pl\/wp-content\/uploads\/2024\/07\/3-1-1152x1536.jpg 1152w, https:\/\/marka.belin.pl\/wp-content\/uploads\/2024\/07\/3-1-135x180.jpg 135w, https:\/\/marka.belin.pl\/wp-content\/uploads\/2024\/07\/3-1-450x600.jpg 450w, https:\/\/marka.belin.pl\/wp-content\/uploads\/2024\/07\/3-1.jpg 1301w\" sizes=\"auto, (max-width: 225px) 100vw, 225px\" \/> <img loading=\"lazy\" decoding=\"async\" class=\"alignnone size-medium wp-image-3010\" src=\"https:\/\/marka.belin.pl\/wp-content\/uploads\/2024\/07\/4-1-225x300.jpg\" alt=\"\" width=\"225\" height=\"300\" srcset=\"https:\/\/marka.belin.pl\/wp-content\/uploads\/2024\/07\/4-1-225x300.jpg 225w, https:\/\/marka.belin.pl\/wp-content\/uploads\/2024\/07\/4-1-768x1024.jpg 768w, https:\/\/marka.belin.pl\/wp-content\/uploads\/2024\/07\/4-1-1152x1536.jpg 1152w, https:\/\/marka.belin.pl\/wp-content\/uploads\/2024\/07\/4-1-135x180.jpg 135w, https:\/\/marka.belin.pl\/wp-content\/uploads\/2024\/07\/4-1-450x600.jpg 450w, https:\/\/marka.belin.pl\/wp-content\/uploads\/2024\/07\/4-1-rotated.jpg 1301w\" sizes=\"auto, (max-width: 225px) 100vw, 225px\" \/> <img loading=\"lazy\" decoding=\"async\" class=\"alignnone size-medium wp-image-3011\" src=\"https:\/\/marka.belin.pl\/wp-content\/uploads\/2024\/07\/5-2-400x300.jpg\" alt=\"\" width=\"400\" height=\"300\" srcset=\"https:\/\/marka.belin.pl\/wp-content\/uploads\/2024\/07\/5-2-400x300.jpg 400w, https:\/\/marka.belin.pl\/wp-content\/uploads\/2024\/07\/5-2-1024x768.jpg 1024w, https:\/\/marka.belin.pl\/wp-content\/uploads\/2024\/07\/5-2-768x576.jpg 768w, https:\/\/marka.belin.pl\/wp-content\/uploads\/2024\/07\/5-2-1536x1152.jpg 1536w, https:\/\/marka.belin.pl\/wp-content\/uploads\/2024\/07\/5-2-180x135.jpg 180w, https:\/\/marka.belin.pl\/wp-content\/uploads\/2024\/07\/5-2-300x225.jpg 300w, https:\/\/marka.belin.pl\/wp-content\/uploads\/2024\/07\/5-2-600x450.jpg 600w, https:\/\/marka.belin.pl\/wp-content\/uploads\/2024\/07\/5-2.jpg 2048w\" sizes=\"auto, (max-width: 400px) 100vw, 400px\" \/> <img loading=\"lazy\" decoding=\"async\" class=\"alignnone size-medium wp-image-3012\" src=\"https:\/\/marka.belin.pl\/wp-content\/uploads\/2024\/07\/6-1-400x267.jpg\" alt=\"\" width=\"400\" height=\"267\" srcset=\"https:\/\/marka.belin.pl\/wp-content\/uploads\/2024\/07\/6-1-400x267.jpg 400w, https:\/\/marka.belin.pl\/wp-content\/uploads\/2024\/07\/6-1-1024x682.jpg 1024w, https:\/\/marka.belin.pl\/wp-content\/uploads\/2024\/07\/6-1-768x512.jpg 768w, https:\/\/marka.belin.pl\/wp-content\/uploads\/2024\/07\/6-1-1536x1024.jpg 1536w, https:\/\/marka.belin.pl\/wp-content\/uploads\/2024\/07\/6-1-2048x1365.jpg 2048w, https:\/\/marka.belin.pl\/wp-content\/uploads\/2024\/07\/6-1-180x120.jpg 180w, https:\/\/marka.belin.pl\/wp-content\/uploads\/2024\/07\/6-1-300x200.jpg 300w, https:\/\/marka.belin.pl\/wp-content\/uploads\/2024\/07\/6-1-600x400.jpg 600w, https:\/\/marka.belin.pl\/wp-content\/uploads\/2024\/07\/6-1-272x182.jpg 272w\" sizes=\"auto, (max-width: 400px) 100vw, 400px\" \/> <img loading=\"lazy\" decoding=\"async\" class=\"alignnone size-medium wp-image-3013\" src=\"https:\/\/marka.belin.pl\/wp-content\/uploads\/2024\/07\/7-400x267.jpg\" alt=\"\" width=\"400\" height=\"267\" srcset=\"https:\/\/marka.belin.pl\/wp-content\/uploads\/2024\/07\/7-400x267.jpg 400w, https:\/\/marka.belin.pl\/wp-content\/uploads\/2024\/07\/7-1024x683.jpg 1024w, https:\/\/marka.belin.pl\/wp-content\/uploads\/2024\/07\/7-768x512.jpg 768w, https:\/\/marka.belin.pl\/wp-content\/uploads\/2024\/07\/7-1536x1024.jpg 1536w, https:\/\/marka.belin.pl\/wp-content\/uploads\/2024\/07\/7-2048x1365.jpg 2048w, https:\/\/marka.belin.pl\/wp-content\/uploads\/2024\/07\/7-180x120.jpg 180w, https:\/\/marka.belin.pl\/wp-content\/uploads\/2024\/07\/7-300x200.jpg 300w, https:\/\/marka.belin.pl\/wp-content\/uploads\/2024\/07\/7-600x400.jpg 600w, https:\/\/marka.belin.pl\/wp-content\/uploads\/2024\/07\/7-272x182.jpg 272w\" sizes=\"auto, (max-width: 400px) 100vw, 400px\" \/> <img loading=\"lazy\" decoding=\"async\" class=\"alignnone size-medium wp-image-3014\" src=\"https:\/\/marka.belin.pl\/wp-content\/uploads\/2024\/07\/8-169x300.jpg\" alt=\"\" width=\"169\" height=\"300\" srcset=\"https:\/\/marka.belin.pl\/wp-content\/uploads\/2024\/07\/8-169x300.jpg 169w, https:\/\/marka.belin.pl\/wp-content\/uploads\/2024\/07\/8-576x1024.jpg 576w, https:\/\/marka.belin.pl\/wp-content\/uploads\/2024\/07\/8-768x1365.jpg 768w, https:\/\/marka.belin.pl\/wp-content\/uploads\/2024\/07\/8-864x1536.jpg 864w, https:\/\/marka.belin.pl\/wp-content\/uploads\/2024\/07\/8-101x180.jpg 101w, https:\/\/marka.belin.pl\/wp-content\/uploads\/2024\/07\/8-338x600.jpg 338w, https:\/\/marka.belin.pl\/wp-content\/uploads\/2024\/07\/8.jpg 1152w\" sizes=\"auto, (max-width: 169px) 100vw, 169px\" \/> <img loading=\"lazy\" decoding=\"async\" class=\"alignnone size-medium wp-image-3015\" src=\"https:\/\/marka.belin.pl\/wp-content\/uploads\/2024\/07\/9-169x300.jpg\" alt=\"\" width=\"169\" height=\"300\" srcset=\"https:\/\/marka.belin.pl\/wp-content\/uploads\/2024\/07\/9-169x300.jpg 169w, https:\/\/marka.belin.pl\/wp-content\/uploads\/2024\/07\/9-576x1024.jpg 576w, https:\/\/marka.belin.pl\/wp-content\/uploads\/2024\/07\/9-768x1365.jpg 768w, https:\/\/marka.belin.pl\/wp-content\/uploads\/2024\/07\/9-864x1536.jpg 864w, https:\/\/marka.belin.pl\/wp-content\/uploads\/2024\/07\/9-101x180.jpg 101w, https:\/\/marka.belin.pl\/wp-content\/uploads\/2024\/07\/9-338x600.jpg 338w, https:\/\/marka.belin.pl\/wp-content\/uploads\/2024\/07\/9.jpg 1080w\" sizes=\"auto, (max-width: 169px) 100vw, 169px\" \/><\/p>\n","protected":false},"excerpt":{"rendered":"<p>Sprawozdanie z realizacji 1 etapu operacji pt. \u201eOpracowanie innowacyjnej technologii pozyskania, przygotowania i przetw\u00f3rstwa surowc\u00f3w zielarskich w produkcji udoskonalonych herbat zio\u0142owych jednorodnych o dodatkowych cechach funkcjonalnych\u201d (numer umowy: 00051.DDD.6509.00113.2022.15) \u00a0 Cel: Opracowanie innowacyjnej technologii pozyskania, przygotowania i przetw\u00f3rstwa surowc\u00f3w zielarskich o dodatkowych cechach funkcjonalnych &nbsp; Czas trwania: 1 czerwca 2023 roku do 30 listopada 2023 &hellip; <a href=\"https:\/\/marka.belin.pl\/?page_id=2997\" class=\"more-link\">Czytaj dalej <span class=\"screen-reader-text\">efrrow<\/span> <span class=\"meta-nav\">&rarr;<\/span><\/a><\/p>\n","protected":false},"author":9,"featured_media":0,"parent":0,"menu_order":0,"comment_status":"closed","ping_status":"closed","template":"","meta":{"_acf_changed":false,"footnotes":""},"class_list":["post-2997","page","type-page","status-publish","hentry"],"acf":[],"_links":{"self":[{"href":"https:\/\/marka.belin.pl\/index.php?rest_route=\/wp\/v2\/pages\/2997","targetHints":{"allow":["GET"]}}],"collection":[{"href":"https:\/\/marka.belin.pl\/index.php?rest_route=\/wp\/v2\/pages"}],"about":[{"href":"https:\/\/marka.belin.pl\/index.php?rest_route=\/wp\/v2\/types\/page"}],"author":[{"embeddable":true,"href":"https:\/\/marka.belin.pl\/index.php?rest_route=\/wp\/v2\/users\/9"}],"replies":[{"embeddable":true,"href":"https:\/\/marka.belin.pl\/index.php?rest_route=%2Fwp%2Fv2%2Fcomments&post=2997"}],"version-history":[{"count":4,"href":"https:\/\/marka.belin.pl\/index.php?rest_route=\/wp\/v2\/pages\/2997\/revisions"}],"predecessor-version":[{"id":3017,"href":"https:\/\/marka.belin.pl\/index.php?rest_route=\/wp\/v2\/pages\/2997\/revisions\/3017"}],"wp:attachment":[{"href":"https:\/\/marka.belin.pl\/index.php?rest_route=%2Fwp%2Fv2%2Fmedia&parent=2997"}],"curies":[{"name":"wp","href":"https:\/\/api.w.org\/{rel}","templated":true}]}}