{"id":104,"date":"2016-10-02T11:35:25","date_gmt":"2016-10-02T09:35:25","guid":{"rendered":"http:\/\/belin-marka.jtcsoftware.pl\/?post_type=product&#038;p=104"},"modified":"2017-01-28T13:35:28","modified_gmt":"2017-01-28T12:35:28","slug":"herbata-czarna","status":"publish","type":"product","link":"https:\/\/marka.belin.pl\/?product=herbata-czarna","title":{"rendered":"Herbata czarna"},"content":{"rendered":"<p><span data-sheets-value=\"{&quot;1&quot;:2,&quot;2&quot;:&quot;Rozpocznij sw\\u00f3j dzie\\u0144 z intensywnym smakiem czarnej herbaty BELiN, aby w dobrym nastroju i pe\\u0142ni\\u0105 energii stawi\\u0107 czo\\u0142a kolejnym wyzwaniom. To tak\\u017ce stary i sprawdzony spos\\u00f3b, by w ch\\u0142odny wiecz\\u00f3r rozgrza\\u0107 i pobudzi\\u0107 organizm do pracy.&quot;}\" data-sheets-userformat=\"{&quot;2&quot;:256,&quot;11&quot;:4}\">Rozpocznij sw\u00f3j dzie\u0144 z intensywnym smakiem czarnej herbaty BELiN, aby w dobrym nastroju i pe\u0142ni\u0105 energii stawi\u0107 czo\u0142a kolejnym wyzwaniom. To tak\u017ce stary i sprawdzony spos\u00f3b, by w ch\u0142odny wiecz\u00f3r rozgrza\u0107 i pobudzi\u0107 organizm do pracy.<\/span><\/p>\n","protected":false},"excerpt":{"rendered":"<p>Rozpocznij sw\u00f3j dzie\u0144 z intensywnym smakiem czarnej herbaty BELiN<\/p>\n","protected":false},"featured_media":105,"comment_status":"open","ping_status":"closed","template":"","meta":{"_acf_changed":false},"product_brand":[],"product_cat":[23],"product_tag":[],"class_list":{"0":"post-104","1":"product","2":"type-product","3":"status-publish","4":"has-post-thumbnail","6":"product_cat-herbaty-ekspresowe-premium","9":"first","10":"instock","11":"shipping-taxable","12":"product-type-simple"},"acf":[],"_links":{"self":[{"href":"https:\/\/marka.belin.pl\/index.php?rest_route=\/wp\/v2\/product\/104","targetHints":{"allow":["GET"]}}],"collection":[{"href":"https:\/\/marka.belin.pl\/index.php?rest_route=\/wp\/v2\/product"}],"about":[{"href":"https:\/\/marka.belin.pl\/index.php?rest_route=\/wp\/v2\/types\/product"}],"replies":[{"embeddable":true,"href":"https:\/\/marka.belin.pl\/index.php?rest_route=%2Fwp%2Fv2%2Fcomments&post=104"}],"wp:featuredmedia":[{"embeddable":true,"href":"https:\/\/marka.belin.pl\/index.php?rest_route=\/wp\/v2\/media\/105"}],"wp:attachment":[{"href":"https:\/\/marka.belin.pl\/index.php?rest_route=%2Fwp%2Fv2%2Fmedia&parent=104"}],"wp:term":[{"taxonomy":"product_brand","embeddable":true,"href":"https:\/\/marka.belin.pl\/index.php?rest_route=%2Fwp%2Fv2%2Fproduct_brand&post=104"},{"taxonomy":"product_cat","embeddable":true,"href":"https:\/\/marka.belin.pl\/index.php?rest_route=%2Fwp%2Fv2%2Fproduct_cat&post=104"},{"taxonomy":"product_tag","embeddable":true,"href":"https:\/\/marka.belin.pl\/index.php?rest_route=%2Fwp%2Fv2%2Fproduct_tag&post=104"}],"curies":[{"name":"wp","href":"https:\/\/api.w.org\/{rel}","templated":true}]}}