{"id":106,"date":"2016-10-02T11:38:49","date_gmt":"2016-10-02T09:38:49","guid":{"rendered":"http:\/\/belin-marka.jtcsoftware.pl\/?post_type=product&#038;p=106"},"modified":"2017-09-27T10:15:36","modified_gmt":"2017-09-27T08:15:36","slug":"herbata-czarna-earl-grey-2","status":"publish","type":"product","link":"https:\/\/marka.belin.pl\/?product=herbata-czarna-earl-grey-2","title":{"rendered":"Herbata czarna Earl Grey"},"content":{"rendered":"<p><span data-sheets-value=\"{&quot;1&quot;:2,&quot;2&quot;:&quot;Herbata earl grey to wyj\\u0105tkowe po\\u0142\\u0105czenie czarnej herbaty z aromatem bergamotki. Wypita z samego rana natychmiast stawia na nogi, a w ci\\u0105gu dnia poprawia koncentracj\\u0119. Wobec jej subtelnego smaku nie pozostaje si\\u0119 oboj\\u0119tnym.&quot;}\" data-sheets-userformat=\"{&quot;2&quot;:256,&quot;11&quot;:4}\">Herbata earl grey to wyj\u0105tkowe po\u0142\u0105czenie czarnej herbaty z aromatem bergamotki. Wypita z samego rana natychmiast stawia na nogi, a w ci\u0105gu dnia poprawia koncentracj\u0119. Wobec jej subtelnego smaku nie pozostaje si\u0119 oboj\u0119tnym.<\/span><\/p>\n","protected":false},"excerpt":{"rendered":"<p>Herbata earl grey to wyj\u0105tkowe po\u0142\u0105czenie czarnej herbaty z aromatem bergamotki<\/p>\n","protected":false},"featured_media":107,"comment_status":"open","ping_status":"closed","template":"","meta":{"_acf_changed":false},"product_brand":[],"product_cat":[23],"product_tag":[],"class_list":{"0":"post-106","1":"product","2":"type-product","3":"status-publish","4":"has-post-thumbnail","6":"product_cat-herbaty-ekspresowe-premium","9":"first","10":"instock","11":"shipping-taxable","12":"product-type-simple"},"acf":[],"_links":{"self":[{"href":"https:\/\/marka.belin.pl\/index.php?rest_route=\/wp\/v2\/product\/106","targetHints":{"allow":["GET"]}}],"collection":[{"href":"https:\/\/marka.belin.pl\/index.php?rest_route=\/wp\/v2\/product"}],"about":[{"href":"https:\/\/marka.belin.pl\/index.php?rest_route=\/wp\/v2\/types\/product"}],"replies":[{"embeddable":true,"href":"https:\/\/marka.belin.pl\/index.php?rest_route=%2Fwp%2Fv2%2Fcomments&post=106"}],"wp:featuredmedia":[{"embeddable":true,"href":"https:\/\/marka.belin.pl\/index.php?rest_route=\/wp\/v2\/media\/107"}],"wp:attachment":[{"href":"https:\/\/marka.belin.pl\/index.php?rest_route=%2Fwp%2Fv2%2Fmedia&parent=106"}],"wp:term":[{"taxonomy":"product_brand","embeddable":true,"href":"https:\/\/marka.belin.pl\/index.php?rest_route=%2Fwp%2Fv2%2Fproduct_brand&post=106"},{"taxonomy":"product_cat","embeddable":true,"href":"https:\/\/marka.belin.pl\/index.php?rest_route=%2Fwp%2Fv2%2Fproduct_cat&post=106"},{"taxonomy":"product_tag","embeddable":true,"href":"https:\/\/marka.belin.pl\/index.php?rest_route=%2Fwp%2Fv2%2Fproduct_tag&post=106"}],"curies":[{"name":"wp","href":"https:\/\/api.w.org\/{rel}","templated":true}]}}