{"id":108,"date":"2016-10-02T11:42:57","date_gmt":"2016-10-02T09:42:57","guid":{"rendered":"http:\/\/belin-marka.jtcsoftware.pl\/?post_type=product&#038;p=108"},"modified":"2017-01-28T13:33:27","modified_gmt":"2017-01-28T12:33:27","slug":"herbata-czarna-earl-grey-cytryna","status":"publish","type":"product","link":"https:\/\/marka.belin.pl\/?product=herbata-czarna-earl-grey-cytryna","title":{"rendered":"Herbata czarna Earl Grey cytryna"},"content":{"rendered":"<p><span data-sheets-value=\"{&quot;1&quot;:2,&quot;2&quot;:&quot;Powitaj poranek przy fili\\u017cance czarnej herbaty z nutk\\u0105 bergamotki o orze\\u017awiaj\\u0105cym smaku cytryny. To tak\\u017ce doskona\\u0142y wyb\\u00f3r na popo\\u0142udniowe spotkania oraz wsz\\u0119dzie tam, gdzie liczy si\\u0119 dobry smak i jeszcze lepszy nastr\\u00f3j.&quot;}\" data-sheets-userformat=\"{&quot;2&quot;:256,&quot;11&quot;:4}\">Powitaj poranek przy fili\u017cance czarnej herbaty z nutk\u0105 bergamotki o orze\u017awiaj\u0105cym smaku cytryny. To tak\u017ce doskona\u0142y wyb\u00f3r na popo\u0142udniowe spotkania oraz wsz\u0119dzie tam, gdzie liczy si\u0119 dobry smak i jeszcze lepszy nastr\u00f3j.<\/span><\/p>\n","protected":false},"excerpt":{"rendered":"<p>Powitaj poranek przy fili\u017cance czarnej herbaty z nutk\u0105 bergamotki o orze\u017awiaj\u0105cym smaku cytryny<\/p>\n","protected":false},"featured_media":109,"comment_status":"open","ping_status":"closed","template":"","meta":{"_acf_changed":false},"product_brand":[],"product_cat":[23],"product_tag":[],"class_list":{"0":"post-108","1":"product","2":"type-product","3":"status-publish","4":"has-post-thumbnail","6":"product_cat-herbaty-ekspresowe-premium","9":"first","10":"instock","11":"shipping-taxable","12":"product-type-simple"},"acf":[],"_links":{"self":[{"href":"https:\/\/marka.belin.pl\/index.php?rest_route=\/wp\/v2\/product\/108","targetHints":{"allow":["GET"]}}],"collection":[{"href":"https:\/\/marka.belin.pl\/index.php?rest_route=\/wp\/v2\/product"}],"about":[{"href":"https:\/\/marka.belin.pl\/index.php?rest_route=\/wp\/v2\/types\/product"}],"replies":[{"embeddable":true,"href":"https:\/\/marka.belin.pl\/index.php?rest_route=%2Fwp%2Fv2%2Fcomments&post=108"}],"wp:featuredmedia":[{"embeddable":true,"href":"https:\/\/marka.belin.pl\/index.php?rest_route=\/wp\/v2\/media\/109"}],"wp:attachment":[{"href":"https:\/\/marka.belin.pl\/index.php?rest_route=%2Fwp%2Fv2%2Fmedia&parent=108"}],"wp:term":[{"taxonomy":"product_brand","embeddable":true,"href":"https:\/\/marka.belin.pl\/index.php?rest_route=%2Fwp%2Fv2%2Fproduct_brand&post=108"},{"taxonomy":"product_cat","embeddable":true,"href":"https:\/\/marka.belin.pl\/index.php?rest_route=%2Fwp%2Fv2%2Fproduct_cat&post=108"},{"taxonomy":"product_tag","embeddable":true,"href":"https:\/\/marka.belin.pl\/index.php?rest_route=%2Fwp%2Fv2%2Fproduct_tag&post=108"}],"curies":[{"name":"wp","href":"https:\/\/api.w.org\/{rel}","templated":true}]}}