{"id":110,"date":"2016-10-02T12:12:30","date_gmt":"2016-10-02T10:12:30","guid":{"rendered":"http:\/\/belin-marka.jtcsoftware.pl\/?post_type=product&#038;p=110"},"modified":"2017-01-28T13:31:34","modified_gmt":"2017-01-28T12:31:34","slug":"herbata-czarna-lisciasta-yunnan","status":"publish","type":"product","link":"https:\/\/marka.belin.pl\/?product=herbata-czarna-lisciasta-yunnan","title":{"rendered":"Herbata czarna li\u015bciasta Yunnan"},"content":{"rendered":"<p><span data-sheets-value=\"{&quot;1&quot;:2,&quot;2&quot;:&quot;Unikalny smak i aromat herbaty Yunnan to podr\\u00f3\\u017c do odleg\\u0142ych zak\\u0105tk\\u00f3w jednej z chi\\u0144skich prowincji. Fili\\u017canka tego cenionego od tysi\\u0119cy lat naparu z samego rana wprawi w dobry nastr\\u00f3j, a w ci\\u0105gu dnia pobudzi do dzia\\u0142ania. &quot;}\" data-sheets-userformat=\"{&quot;2&quot;:256,&quot;11&quot;:4}\">Unikalny smak i aromat herbaty Yunnan to podr\u00f3\u017c do odleg\u0142ych zak\u0105tk\u00f3w jednej z chi\u0144skich prowincji. Fili\u017canka tego cenionego od tysi\u0119cy lat naparu z samego rana wprawi w dobry nastr\u00f3j, a w ci\u0105gu dnia pobudzi do dzia\u0142ania. <\/span><\/p>\n","protected":false},"excerpt":{"rendered":"<p>Unikalny smak i aromat herbaty Yunnan to podr\u00f3\u017c do odleg\u0142ych zak\u0105tk\u00f3w jednej z chi\u0144skich prowincji<\/p>\n","protected":false},"featured_media":111,"comment_status":"open","ping_status":"closed","template":"","meta":{"_acf_changed":false},"product_brand":[],"product_cat":[23],"product_tag":[],"class_list":{"0":"post-110","1":"product","2":"type-product","3":"status-publish","4":"has-post-thumbnail","6":"product_cat-herbaty-ekspresowe-premium","9":"first","10":"instock","11":"shipping-taxable","12":"product-type-simple"},"acf":[],"_links":{"self":[{"href":"https:\/\/marka.belin.pl\/index.php?rest_route=\/wp\/v2\/product\/110","targetHints":{"allow":["GET"]}}],"collection":[{"href":"https:\/\/marka.belin.pl\/index.php?rest_route=\/wp\/v2\/product"}],"about":[{"href":"https:\/\/marka.belin.pl\/index.php?rest_route=\/wp\/v2\/types\/product"}],"replies":[{"embeddable":true,"href":"https:\/\/marka.belin.pl\/index.php?rest_route=%2Fwp%2Fv2%2Fcomments&post=110"}],"wp:featuredmedia":[{"embeddable":true,"href":"https:\/\/marka.belin.pl\/index.php?rest_route=\/wp\/v2\/media\/111"}],"wp:attachment":[{"href":"https:\/\/marka.belin.pl\/index.php?rest_route=%2Fwp%2Fv2%2Fmedia&parent=110"}],"wp:term":[{"taxonomy":"product_brand","embeddable":true,"href":"https:\/\/marka.belin.pl\/index.php?rest_route=%2Fwp%2Fv2%2Fproduct_brand&post=110"},{"taxonomy":"product_cat","embeddable":true,"href":"https:\/\/marka.belin.pl\/index.php?rest_route=%2Fwp%2Fv2%2Fproduct_cat&post=110"},{"taxonomy":"product_tag","embeddable":true,"href":"https:\/\/marka.belin.pl\/index.php?rest_route=%2Fwp%2Fv2%2Fproduct_tag&post=110"}],"curies":[{"name":"wp","href":"https:\/\/api.w.org\/{rel}","templated":true}]}}