{"id":113,"date":"2016-10-02T12:22:47","date_gmt":"2016-10-02T10:22:47","guid":{"rendered":"http:\/\/belin-marka.jtcsoftware.pl\/?post_type=product&#038;p=113"},"modified":"2017-01-28T13:30:42","modified_gmt":"2017-01-28T12:30:42","slug":"herbata-czarna-lisciasta-madras","status":"publish","type":"product","link":"https:\/\/marka.belin.pl\/?product=herbata-czarna-lisciasta-madras","title":{"rendered":"Herbata czarna li\u015bciasta Madras"},"content":{"rendered":"<p><span data-sheets-value=\"{&quot;1&quot;:2,&quot;2&quot;:&quot;Trudno wyobrazi\\u0107 sobie lepszy pocz\\u0105tek dnia ni\\u017c fili\\u017canka indyjskiej herbaty Madras. Jej delikatny smak i szlachetny aromat wprowadz\\u0105 w doskona\\u0142y humor i pozwol\\u0105 cho\\u0107 na chwil\\u0119 zapomnie\\u0107 o codziennych troskach.&quot;}\" data-sheets-userformat=\"{&quot;2&quot;:256,&quot;11&quot;:4}\">Trudno wyobrazi\u0107 sobie lepszy pocz\u0105tek dnia ni\u017c fili\u017canka indyjskiej herbaty Madras. Jej delikatny smak i szlachetny aromat wprowadz\u0105 w doskona\u0142y humor i pozwol\u0105 cho\u0107 na chwil\u0119 zapomnie\u0107 o codziennych troskach.<\/span><\/p>\n","protected":false},"excerpt":{"rendered":"<p>Trudno wyobrazi\u0107 sobie lepszy pocz\u0105tek dnia ni\u017c fili\u017canka indyjskiej herbaty Madras<\/p>\n","protected":false},"featured_media":114,"comment_status":"open","ping_status":"closed","template":"","meta":{"_acf_changed":false},"product_brand":[],"product_cat":[23],"product_tag":[],"class_list":{"0":"post-113","1":"product","2":"type-product","3":"status-publish","4":"has-post-thumbnail","6":"product_cat-herbaty-ekspresowe-premium","9":"first","10":"instock","11":"shipping-taxable","12":"product-type-simple"},"acf":[],"_links":{"self":[{"href":"https:\/\/marka.belin.pl\/index.php?rest_route=\/wp\/v2\/product\/113","targetHints":{"allow":["GET"]}}],"collection":[{"href":"https:\/\/marka.belin.pl\/index.php?rest_route=\/wp\/v2\/product"}],"about":[{"href":"https:\/\/marka.belin.pl\/index.php?rest_route=\/wp\/v2\/types\/product"}],"replies":[{"embeddable":true,"href":"https:\/\/marka.belin.pl\/index.php?rest_route=%2Fwp%2Fv2%2Fcomments&post=113"}],"wp:featuredmedia":[{"embeddable":true,"href":"https:\/\/marka.belin.pl\/index.php?rest_route=\/wp\/v2\/media\/114"}],"wp:attachment":[{"href":"https:\/\/marka.belin.pl\/index.php?rest_route=%2Fwp%2Fv2%2Fmedia&parent=113"}],"wp:term":[{"taxonomy":"product_brand","embeddable":true,"href":"https:\/\/marka.belin.pl\/index.php?rest_route=%2Fwp%2Fv2%2Fproduct_brand&post=113"},{"taxonomy":"product_cat","embeddable":true,"href":"https:\/\/marka.belin.pl\/index.php?rest_route=%2Fwp%2Fv2%2Fproduct_cat&post=113"},{"taxonomy":"product_tag","embeddable":true,"href":"https:\/\/marka.belin.pl\/index.php?rest_route=%2Fwp%2Fv2%2Fproduct_tag&post=113"}],"curies":[{"name":"wp","href":"https:\/\/api.w.org\/{rel}","templated":true}]}}