{"id":117,"date":"2016-10-02T13:24:43","date_gmt":"2016-10-02T11:24:43","guid":{"rendered":"http:\/\/belin-marka.jtcsoftware.pl\/?post_type=product&#038;p=117"},"modified":"2017-09-27T10:03:59","modified_gmt":"2017-09-27T08:03:59","slug":"herbatka-owocowa-o-smaku-malinowym-2","status":"publish","type":"product","link":"https:\/\/marka.belin.pl\/?product=herbatka-owocowa-o-smaku-malinowym-2","title":{"rendered":"Herbatka z suszu owocowego o smaku malinowym"},"content":{"rendered":"<p><span data-sheets-value=\"{&quot;1&quot;:2,&quot;2&quot;:&quot;Fili\\u017canka malinowej przyjemno\\u015bci to doskona\\u0142a propozycja na ch\\u0142odniejsze dni. Jej rozgrzewaj\\u0105cy smak i intensywny aromat sprawi\\u0105, \\u017ce codzienne spotkania w rodzinnym gronie b\\u0119d\\u0105 jeszcze przyjemniejsze.&quot;}\" data-sheets-userformat=\"{&quot;2&quot;:256,&quot;11&quot;:4}\">Fili\u017canka malinowej przyjemno\u015bci to doskona\u0142a propozycja na ch\u0142odniejsze dni. Jej rozgrzewaj\u0105cy smak i intensywny aromat sprawi\u0105, \u017ce codzienne spotkania w rodzinnym gronie b\u0119d\u0105 jeszcze przyjemniejsze.<\/span><\/p>\n","protected":false},"excerpt":{"rendered":"<p>Fili\u017canka malinowej przyjemno\u015bci to doskona\u0142a propozycja na ch\u0142odniejsze dni<\/p>\n","protected":false},"featured_media":553,"comment_status":"open","ping_status":"closed","template":"","meta":{"_acf_changed":false},"product_brand":[],"product_cat":[22],"product_tag":[],"class_list":{"0":"post-117","1":"product","2":"type-product","3":"status-publish","4":"has-post-thumbnail","6":"product_cat-herbatki-owocowe","9":"first","10":"instock","11":"shipping-taxable","12":"product-type-simple"},"acf":[],"_links":{"self":[{"href":"https:\/\/marka.belin.pl\/index.php?rest_route=\/wp\/v2\/product\/117","targetHints":{"allow":["GET"]}}],"collection":[{"href":"https:\/\/marka.belin.pl\/index.php?rest_route=\/wp\/v2\/product"}],"about":[{"href":"https:\/\/marka.belin.pl\/index.php?rest_route=\/wp\/v2\/types\/product"}],"replies":[{"embeddable":true,"href":"https:\/\/marka.belin.pl\/index.php?rest_route=%2Fwp%2Fv2%2Fcomments&post=117"}],"wp:featuredmedia":[{"embeddable":true,"href":"https:\/\/marka.belin.pl\/index.php?rest_route=\/wp\/v2\/media\/553"}],"wp:attachment":[{"href":"https:\/\/marka.belin.pl\/index.php?rest_route=%2Fwp%2Fv2%2Fmedia&parent=117"}],"wp:term":[{"taxonomy":"product_brand","embeddable":true,"href":"https:\/\/marka.belin.pl\/index.php?rest_route=%2Fwp%2Fv2%2Fproduct_brand&post=117"},{"taxonomy":"product_cat","embeddable":true,"href":"https:\/\/marka.belin.pl\/index.php?rest_route=%2Fwp%2Fv2%2Fproduct_cat&post=117"},{"taxonomy":"product_tag","embeddable":true,"href":"https:\/\/marka.belin.pl\/index.php?rest_route=%2Fwp%2Fv2%2Fproduct_tag&post=117"}],"curies":[{"name":"wp","href":"https:\/\/api.w.org\/{rel}","templated":true}]}}