{"id":121,"date":"2016-10-02T13:32:00","date_gmt":"2016-10-02T11:32:00","guid":{"rendered":"http:\/\/belin-marka.jtcsoftware.pl\/?post_type=product&#038;p=121"},"modified":"2017-09-17T19:11:15","modified_gmt":"2017-09-17T17:11:15","slug":"herbatka-owocowa-o-smaku-owocow-sadu","status":"publish","type":"product","link":"https:\/\/marka.belin.pl\/?product=herbatka-owocowa-o-smaku-owocow-sadu","title":{"rendered":"Herbatka z suszu owocowego o smaku owoc\u00f3w sadu"},"content":{"rendered":"<p><span data-sheets-value=\"{&quot;1&quot;:2,&quot;2&quot;:&quot;W tej aromatycznej herbatce zakochasz si\\u0119 ju\\u017c przy pierwszym \\u0142yku! S\\u0142odki smak owoc\\u00f3w sadu to tylko cz\\u0119\\u015b\\u0107 przyjemno\\u015bci. Kompozycj\\u0119 uzupe\\u0142niaj\\u0105 owoc dzikiej r\\u00f3\\u017cy oraz kwiat hibiskusa, tworz\\u0105c doskona\\u0142\\u0105 mieszank\\u0119 na ka\\u017cd\\u0105 por\\u0119 dnia. \\n&quot;}\" data-sheets-userformat=\"{&quot;2&quot;:256,&quot;11&quot;:4}\">W tej aromatycznej herbatce zakochasz si\u0119 ju\u017c przy pierwszym \u0142yku! S\u0142odki smak owoc\u00f3w sadu to tylko cz\u0119\u015b\u0107 przyjemno\u015bci. Kompozycj\u0119 uzupe\u0142niaj\u0105 owoc dzikiej r\u00f3\u017cy oraz kwiat hibiskusa, tworz\u0105c doskona\u0142\u0105 mieszank\u0119 na ka\u017cd\u0105 por\u0119 dnia.<br \/>\n<\/span><\/p>\n","protected":false},"excerpt":{"rendered":"<p>W tej aromatycznej herbatce zakochasz si\u0119 ju\u017c przy pierwszym \u0142yku!<\/p>\n","protected":false},"featured_media":958,"comment_status":"open","ping_status":"closed","template":"","meta":{"_acf_changed":false},"product_brand":[],"product_cat":[22],"product_tag":[],"class_list":{"0":"post-121","1":"product","2":"type-product","3":"status-publish","4":"has-post-thumbnail","6":"product_cat-herbatki-owocowe","9":"first","10":"instock","11":"shipping-taxable","12":"product-type-simple"},"acf":[],"_links":{"self":[{"href":"https:\/\/marka.belin.pl\/index.php?rest_route=\/wp\/v2\/product\/121","targetHints":{"allow":["GET"]}}],"collection":[{"href":"https:\/\/marka.belin.pl\/index.php?rest_route=\/wp\/v2\/product"}],"about":[{"href":"https:\/\/marka.belin.pl\/index.php?rest_route=\/wp\/v2\/types\/product"}],"replies":[{"embeddable":true,"href":"https:\/\/marka.belin.pl\/index.php?rest_route=%2Fwp%2Fv2%2Fcomments&post=121"}],"wp:featuredmedia":[{"embeddable":true,"href":"https:\/\/marka.belin.pl\/index.php?rest_route=\/wp\/v2\/media\/958"}],"wp:attachment":[{"href":"https:\/\/marka.belin.pl\/index.php?rest_route=%2Fwp%2Fv2%2Fmedia&parent=121"}],"wp:term":[{"taxonomy":"product_brand","embeddable":true,"href":"https:\/\/marka.belin.pl\/index.php?rest_route=%2Fwp%2Fv2%2Fproduct_brand&post=121"},{"taxonomy":"product_cat","embeddable":true,"href":"https:\/\/marka.belin.pl\/index.php?rest_route=%2Fwp%2Fv2%2Fproduct_cat&post=121"},{"taxonomy":"product_tag","embeddable":true,"href":"https:\/\/marka.belin.pl\/index.php?rest_route=%2Fwp%2Fv2%2Fproduct_tag&post=121"}],"curies":[{"name":"wp","href":"https:\/\/api.w.org\/{rel}","templated":true}]}}