{"id":123,"date":"2016-10-02T13:34:36","date_gmt":"2016-10-02T11:34:36","guid":{"rendered":"http:\/\/belin-marka.jtcsoftware.pl\/?post_type=product&#038;p=123"},"modified":"2017-09-17T19:09:15","modified_gmt":"2017-09-17T17:09:15","slug":"herbatka-owocowa-o-smaku-zurawiny-z-wisnia","status":"publish","type":"product","link":"https:\/\/marka.belin.pl\/?product=herbatka-owocowa-o-smaku-zurawiny-z-wisnia","title":{"rendered":"Herbatka z suszu owocowego o smaku \u017curawiny z wi\u015bni\u0105"},"content":{"rendered":"<p><span data-sheets-value=\"{&quot;1&quot;:2,&quot;2&quot;:&quot;\\u017burawina z wi\\u015bni\\u0105 w jednej fili\\u017cance? Oto prawdziwa uczta dla wielbicieli intryguj\\u0105cych smak\\u00f3w i wyrazistych aromat\\u00f3w. Ta wyj\\u0105tkowa kompozycja sprawi, \\u017ce poranki stan\\u0105 si\\u0119 pi\\u0119kniejsze, a wieczory bardziej zmys\\u0142owe. \\n&quot;}\" data-sheets-userformat=\"{&quot;2&quot;:256,&quot;11&quot;:4}\">\u017burawina z wi\u015bni\u0105 w jednej fili\u017cance? Oto prawdziwa uczta dla wielbicieli intryguj\u0105cych smak\u00f3w i wyrazistych aromat\u00f3w. Ta wyj\u0105tkowa kompozycja sprawi, \u017ce poranki stan\u0105 si\u0119 pi\u0119kniejsze, a wieczory bardziej zmys\u0142owe.<br \/>\n<\/span><\/p>\n","protected":false},"excerpt":{"rendered":"<p>\u017burawina z wi\u015bni\u0105 w jednej fili\u017cance?<\/p>\n","protected":false},"featured_media":956,"comment_status":"open","ping_status":"closed","template":"","meta":{"_acf_changed":false},"product_brand":[],"product_cat":[22],"product_tag":[],"class_list":{"0":"post-123","1":"product","2":"type-product","3":"status-publish","4":"has-post-thumbnail","6":"product_cat-herbatki-owocowe","9":"first","10":"instock","11":"shipping-taxable","12":"product-type-simple"},"acf":[],"_links":{"self":[{"href":"https:\/\/marka.belin.pl\/index.php?rest_route=\/wp\/v2\/product\/123","targetHints":{"allow":["GET"]}}],"collection":[{"href":"https:\/\/marka.belin.pl\/index.php?rest_route=\/wp\/v2\/product"}],"about":[{"href":"https:\/\/marka.belin.pl\/index.php?rest_route=\/wp\/v2\/types\/product"}],"replies":[{"embeddable":true,"href":"https:\/\/marka.belin.pl\/index.php?rest_route=%2Fwp%2Fv2%2Fcomments&post=123"}],"wp:featuredmedia":[{"embeddable":true,"href":"https:\/\/marka.belin.pl\/index.php?rest_route=\/wp\/v2\/media\/956"}],"wp:attachment":[{"href":"https:\/\/marka.belin.pl\/index.php?rest_route=%2Fwp%2Fv2%2Fmedia&parent=123"}],"wp:term":[{"taxonomy":"product_brand","embeddable":true,"href":"https:\/\/marka.belin.pl\/index.php?rest_route=%2Fwp%2Fv2%2Fproduct_brand&post=123"},{"taxonomy":"product_cat","embeddable":true,"href":"https:\/\/marka.belin.pl\/index.php?rest_route=%2Fwp%2Fv2%2Fproduct_cat&post=123"},{"taxonomy":"product_tag","embeddable":true,"href":"https:\/\/marka.belin.pl\/index.php?rest_route=%2Fwp%2Fv2%2Fproduct_tag&post=123"}],"curies":[{"name":"wp","href":"https:\/\/api.w.org\/{rel}","templated":true}]}}