{"id":125,"date":"2016-10-02T13:37:00","date_gmt":"2016-10-02T11:37:00","guid":{"rendered":"http:\/\/belin-marka.jtcsoftware.pl\/?post_type=product&#038;p=125"},"modified":"2017-09-11T16:31:32","modified_gmt":"2017-09-11T14:31:32","slug":"herbatka-owocowa-o-smaku-aronii","status":"publish","type":"product","link":"https:\/\/marka.belin.pl\/?product=herbatka-owocowa-o-smaku-aronii","title":{"rendered":"Herbatka owocowa z aroni\u0105"},"content":{"rendered":"<p><span data-sheets-value=\"{&quot;1&quot;:2,&quot;2&quot;:&quot;Pe\\u0142ne witamin owoce \\u015bwie\\u017cej aronii ukryte w fili\\u017cance aromatycznego naparu pobudz\\u0105 Twoje zmys\\u0142y i cia\\u0142o. Ta zdrowa herbatka b\\u0119dzie pysznym uzupe\\u0142nieniem codziennych posi\\u0142k\\u00f3w. Idealna na ka\\u017cd\\u0105 por\\u0119 dnia.&quot;}\" data-sheets-userformat=\"{&quot;2&quot;:769,&quot;3&quot;:{&quot;1&quot;:0},&quot;11&quot;:4,&quot;12&quot;:0}\">Pe\u0142ne witamin owoce \u015bwie\u017cej aronii ukryte w fili\u017cance aromatycznego naparu pobudz\u0105 Twoje zmys\u0142y i cia\u0142o. Ta zdrowa herbatka b\u0119dzie pysznym uzupe\u0142nieniem codziennych posi\u0142k\u00f3w. Idealna na ka\u017cd\u0105 por\u0119 dnia.<\/span><\/p>\n","protected":false},"excerpt":{"rendered":"<p>Pe\u0142ne witamin owoce \u015bwie\u017cej aronii ukryte w fili\u017cance aromatycznego naparu pobudz\u0105 Twoje zmys\u0142y i cia\u0142o<\/p>\n","protected":false},"featured_media":126,"comment_status":"open","ping_status":"closed","template":"","meta":{"_acf_changed":false},"product_brand":[],"product_cat":[22],"product_tag":[],"class_list":{"0":"post-125","1":"product","2":"type-product","3":"status-publish","4":"has-post-thumbnail","6":"product_cat-herbatki-owocowe","9":"first","10":"instock","11":"shipping-taxable","12":"product-type-simple"},"acf":[],"_links":{"self":[{"href":"https:\/\/marka.belin.pl\/index.php?rest_route=\/wp\/v2\/product\/125","targetHints":{"allow":["GET"]}}],"collection":[{"href":"https:\/\/marka.belin.pl\/index.php?rest_route=\/wp\/v2\/product"}],"about":[{"href":"https:\/\/marka.belin.pl\/index.php?rest_route=\/wp\/v2\/types\/product"}],"replies":[{"embeddable":true,"href":"https:\/\/marka.belin.pl\/index.php?rest_route=%2Fwp%2Fv2%2Fcomments&post=125"}],"wp:featuredmedia":[{"embeddable":true,"href":"https:\/\/marka.belin.pl\/index.php?rest_route=\/wp\/v2\/media\/126"}],"wp:attachment":[{"href":"https:\/\/marka.belin.pl\/index.php?rest_route=%2Fwp%2Fv2%2Fmedia&parent=125"}],"wp:term":[{"taxonomy":"product_brand","embeddable":true,"href":"https:\/\/marka.belin.pl\/index.php?rest_route=%2Fwp%2Fv2%2Fproduct_brand&post=125"},{"taxonomy":"product_cat","embeddable":true,"href":"https:\/\/marka.belin.pl\/index.php?rest_route=%2Fwp%2Fv2%2Fproduct_cat&post=125"},{"taxonomy":"product_tag","embeddable":true,"href":"https:\/\/marka.belin.pl\/index.php?rest_route=%2Fwp%2Fv2%2Fproduct_tag&post=125"}],"curies":[{"name":"wp","href":"https:\/\/api.w.org\/{rel}","templated":true}]}}