{"id":1292,"date":"2018-08-13T11:27:15","date_gmt":"2018-08-13T09:27:15","guid":{"rendered":"http:\/\/marka.belin.pl\/?post_type=product&#038;p=1292"},"modified":"2025-03-06T15:32:19","modified_gmt":"2025-03-06T14:32:19","slug":"wisnia-z-poziomka-herbatka-ziolowo-owocowa","status":"publish","type":"product","link":"https:\/\/marka.belin.pl\/?product=wisnia-z-poziomka-herbatka-ziolowo-owocowa","title":{"rendered":"Wi\u015bnia z poziomk\u0105 &#8211; herbatka zio\u0142owo-owocowa"},"content":{"rendered":"<p>Soczysto\u015b\u0107 wi\u015bni i unikalny smak poziomki to nasze doskona\u0142e po\u0142\u0105czenie owoc\u00f3w lata, kt\u00f3re zachwyci najlepszego herbacianego smakosza.<\/p>\n","protected":false},"excerpt":{"rendered":"<p>Soczysto\u015b\u0107 wi\u015bni i unikalny smak poziomki to nasze doskona\u0142e po\u0142\u0105czenie owoc\u00f3w lata, kt\u00f3re zachwyci najlepszego herbacianego smakosza.<\/p>\n","protected":false},"featured_media":1293,"comment_status":"open","ping_status":"closed","template":"","meta":{"_acf_changed":false},"product_brand":[],"product_cat":[57],"product_tag":[],"class_list":{"0":"post-1292","1":"product","2":"type-product","3":"status-publish","4":"has-post-thumbnail","6":"product_cat-skarby-polskiej-natury-herbatki-ziolowe-i-ziolowo-owocowe-w-trojwymiarowych-piramidkach","9":"first","10":"instock","11":"shipping-taxable","12":"product-type-simple"},"acf":[],"_links":{"self":[{"href":"https:\/\/marka.belin.pl\/index.php?rest_route=\/wp\/v2\/product\/1292","targetHints":{"allow":["GET"]}}],"collection":[{"href":"https:\/\/marka.belin.pl\/index.php?rest_route=\/wp\/v2\/product"}],"about":[{"href":"https:\/\/marka.belin.pl\/index.php?rest_route=\/wp\/v2\/types\/product"}],"replies":[{"embeddable":true,"href":"https:\/\/marka.belin.pl\/index.php?rest_route=%2Fwp%2Fv2%2Fcomments&post=1292"}],"wp:featuredmedia":[{"embeddable":true,"href":"https:\/\/marka.belin.pl\/index.php?rest_route=\/wp\/v2\/media\/1293"}],"wp:attachment":[{"href":"https:\/\/marka.belin.pl\/index.php?rest_route=%2Fwp%2Fv2%2Fmedia&parent=1292"}],"wp:term":[{"taxonomy":"product_brand","embeddable":true,"href":"https:\/\/marka.belin.pl\/index.php?rest_route=%2Fwp%2Fv2%2Fproduct_brand&post=1292"},{"taxonomy":"product_cat","embeddable":true,"href":"https:\/\/marka.belin.pl\/index.php?rest_route=%2Fwp%2Fv2%2Fproduct_cat&post=1292"},{"taxonomy":"product_tag","embeddable":true,"href":"https:\/\/marka.belin.pl\/index.php?rest_route=%2Fwp%2Fv2%2Fproduct_tag&post=1292"}],"curies":[{"name":"wp","href":"https:\/\/api.w.org\/{rel}","templated":true}]}}