{"id":141,"date":"2016-10-02T16:43:29","date_gmt":"2016-10-02T14:43:29","guid":{"rendered":"http:\/\/belin-marka.jtcsoftware.pl\/?post_type=product&#038;p=141"},"modified":"2017-12-07T13:56:19","modified_gmt":"2017-12-07T12:56:19","slug":"herbatka-owocowa-o-smaku-owocow-sadu-2","status":"publish","type":"product","link":"https:\/\/marka.belin.pl\/?product=herbatka-owocowa-o-smaku-owocow-sadu-2","title":{"rendered":"Herbatka owocowa o smaku owoc\u00f3w sadu"},"content":{"rendered":"<p><span data-sheets-value=\"{&quot;1&quot;:2,&quot;2&quot;:&quot;Smak \\u015bwie\\u017cych owoc\\u00f3w sadu w po\\u0142\\u0105czeniu z kwiatem hibiskusa i delikatn\\u0105 goryczk\\u0105 cykorii tworz\\u0105 kompozycj\\u0119, kt\\u00f3rej nikt si\\u0119 nie oprze. To propozycja idealna na ka\\u017cd\\u0105 por\\u0119 dnia. Przed stresuj\\u0105cym spotkaniem mo\\u017ce zdzia\\u0142a\\u0107 cuda!&quot;}\" data-sheets-userformat=\"{&quot;2&quot;:256,&quot;11&quot;:4}\">Smak \u015bwie\u017cych owoc\u00f3w sadu w po\u0142\u0105czeniu z kwiatem hibiskusa i delikatn\u0105 goryczk\u0105 cykorii tworz\u0105 kompozycj\u0119, kt\u00f3rej nikt si\u0119 nie oprze. To propozycja idealna na ka\u017cd\u0105 por\u0119 dnia. Przed stresuj\u0105cym spotkaniem mo\u017ce zdzia\u0142a\u0107 cuda!<\/span><\/p>\n","protected":false},"excerpt":{"rendered":"<p>Idealna na ka\u017cd\u0105 por\u0119 dnia. Przed stresuj\u0105cym spotkaniem mo\u017ce zdzia\u0142a\u0107 cuda!<\/p>\n","protected":false},"featured_media":142,"comment_status":"open","ping_status":"closed","template":"","meta":{"_acf_changed":false},"product_brand":[],"product_cat":[22],"product_tag":[],"class_list":{"0":"post-141","1":"product","2":"type-product","3":"status-publish","4":"has-post-thumbnail","6":"product_cat-herbatki-owocowe","9":"first","10":"instock","11":"shipping-taxable","12":"product-type-simple"},"acf":[],"_links":{"self":[{"href":"https:\/\/marka.belin.pl\/index.php?rest_route=\/wp\/v2\/product\/141","targetHints":{"allow":["GET"]}}],"collection":[{"href":"https:\/\/marka.belin.pl\/index.php?rest_route=\/wp\/v2\/product"}],"about":[{"href":"https:\/\/marka.belin.pl\/index.php?rest_route=\/wp\/v2\/types\/product"}],"replies":[{"embeddable":true,"href":"https:\/\/marka.belin.pl\/index.php?rest_route=%2Fwp%2Fv2%2Fcomments&post=141"}],"wp:featuredmedia":[{"embeddable":true,"href":"https:\/\/marka.belin.pl\/index.php?rest_route=\/wp\/v2\/media\/142"}],"wp:attachment":[{"href":"https:\/\/marka.belin.pl\/index.php?rest_route=%2Fwp%2Fv2%2Fmedia&parent=141"}],"wp:term":[{"taxonomy":"product_brand","embeddable":true,"href":"https:\/\/marka.belin.pl\/index.php?rest_route=%2Fwp%2Fv2%2Fproduct_brand&post=141"},{"taxonomy":"product_cat","embeddable":true,"href":"https:\/\/marka.belin.pl\/index.php?rest_route=%2Fwp%2Fv2%2Fproduct_cat&post=141"},{"taxonomy":"product_tag","embeddable":true,"href":"https:\/\/marka.belin.pl\/index.php?rest_route=%2Fwp%2Fv2%2Fproduct_tag&post=141"}],"curies":[{"name":"wp","href":"https:\/\/api.w.org\/{rel}","templated":true}]}}