{"id":143,"date":"2016-10-02T16:46:26","date_gmt":"2016-10-02T14:46:26","guid":{"rendered":"http:\/\/belin-marka.jtcsoftware.pl\/?post_type=product&#038;p=143"},"modified":"2017-09-17T19:22:16","modified_gmt":"2017-09-17T17:22:16","slug":"herbatka-owocowa-o-smaku-dzikiej-rozy-z-ananasem","status":"publish","type":"product","link":"https:\/\/marka.belin.pl\/?product=herbatka-owocowa-o-smaku-dzikiej-rozy-z-ananasem","title":{"rendered":"Herbatka owocowa o smaku dzikiej r\u00f3\u017cy z ananasem"},"content":{"rendered":"<p><span data-sheets-value=\"{&quot;1&quot;:2,&quot;2&quot;:&quot;Cenisz w\\u0142a\\u015bciwo\\u015bci dzikiej r\\u00f3\\u017cy, ale preferujesz bardziej egzotyczne smaki? Spr\\u00f3buj zaskakuj\\u0105cego po\\u0142\\u0105czenia owocu dzikiej r\\u00f3\\u017cy z przepysznym ananasem. Fili\\u017canka tego s\\u0142odkiego naparu to uczta dla zmys\\u0142\\u00f3w i wzmocnienie dla cia\\u0142a.&quot;}\" data-sheets-userformat=\"{&quot;2&quot;:256,&quot;11&quot;:4}\">Cenisz w\u0142a\u015bciwo\u015bci dzikiej r\u00f3\u017cy, ale preferujesz bardziej egzotyczne smaki? Spr\u00f3buj zaskakuj\u0105cego po\u0142\u0105czenia owocu dzikiej r\u00f3\u017cy z przepysznym ananasem. Fili\u017canka tego s\u0142odkiego naparu to uczta dla zmys\u0142\u00f3w i wzmocnienie dla cia\u0142a.<\/span><\/p>\n","protected":false},"excerpt":{"rendered":"<p>Cenisz w\u0142a\u015bciwo\u015bci dzikiej r\u00f3\u017cy, ale preferujesz bardziej egzotyczne smaki?<\/p>\n","protected":false},"featured_media":968,"comment_status":"open","ping_status":"closed","template":"","meta":{"_acf_changed":false},"product_brand":[],"product_cat":[22],"product_tag":[],"class_list":{"0":"post-143","1":"product","2":"type-product","3":"status-publish","4":"has-post-thumbnail","6":"product_cat-herbatki-owocowe","9":"first","10":"instock","11":"shipping-taxable","12":"product-type-simple"},"acf":[],"_links":{"self":[{"href":"https:\/\/marka.belin.pl\/index.php?rest_route=\/wp\/v2\/product\/143","targetHints":{"allow":["GET"]}}],"collection":[{"href":"https:\/\/marka.belin.pl\/index.php?rest_route=\/wp\/v2\/product"}],"about":[{"href":"https:\/\/marka.belin.pl\/index.php?rest_route=\/wp\/v2\/types\/product"}],"replies":[{"embeddable":true,"href":"https:\/\/marka.belin.pl\/index.php?rest_route=%2Fwp%2Fv2%2Fcomments&post=143"}],"wp:featuredmedia":[{"embeddable":true,"href":"https:\/\/marka.belin.pl\/index.php?rest_route=\/wp\/v2\/media\/968"}],"wp:attachment":[{"href":"https:\/\/marka.belin.pl\/index.php?rest_route=%2Fwp%2Fv2%2Fmedia&parent=143"}],"wp:term":[{"taxonomy":"product_brand","embeddable":true,"href":"https:\/\/marka.belin.pl\/index.php?rest_route=%2Fwp%2Fv2%2Fproduct_brand&post=143"},{"taxonomy":"product_cat","embeddable":true,"href":"https:\/\/marka.belin.pl\/index.php?rest_route=%2Fwp%2Fv2%2Fproduct_cat&post=143"},{"taxonomy":"product_tag","embeddable":true,"href":"https:\/\/marka.belin.pl\/index.php?rest_route=%2Fwp%2Fv2%2Fproduct_tag&post=143"}],"curies":[{"name":"wp","href":"https:\/\/api.w.org\/{rel}","templated":true}]}}