{"id":153,"date":"2016-10-02T16:57:30","date_gmt":"2016-10-02T14:57:30","guid":{"rendered":"http:\/\/belin-marka.jtcsoftware.pl\/?post_type=product&#038;p=153"},"modified":"2017-09-17T19:33:59","modified_gmt":"2017-09-17T17:33:59","slug":"herbatka-owocowa-o-smaku-pomaranczy-z-imbirem","status":"publish","type":"product","link":"https:\/\/marka.belin.pl\/?product=herbatka-owocowa-o-smaku-pomaranczy-z-imbirem","title":{"rendered":"Herbatka owocowa o smaku pomara\u0144czy z imbirem"},"content":{"rendered":"<p><span data-sheets-value=\"{&quot;1&quot;:2,&quot;2&quot;:&quot;Orze\\u017awiaj\\u0105cy smak pomara\\u0144czy w po\\u0142\\u0105czeniu z imbirem tworzy przepyszny nap\\u00f3j, kt\\u00f3ry doskonale rozgrzewa. To idealna propozycja na ch\\u0142odne poranki i wieczory. Herbatka sprawdzi si\\u0119 te\\u017c doskonale podczas romantycznych spotka\\u0144 we dwoje.&quot;}\" data-sheets-userformat=\"{&quot;2&quot;:256,&quot;11&quot;:4}\">Orze\u017awiaj\u0105cy smak pomara\u0144czy w po\u0142\u0105czeniu z imbirem tworzy przepyszny nap\u00f3j, kt\u00f3ry doskonale rozgrzewa. To idealna propozycja na ch\u0142odne poranki i wieczory. Herbatka sprawdzi si\u0119 te\u017c doskonale podczas romantycznych spotka\u0144 we dwoje.<\/span><\/p>\n","protected":false},"excerpt":{"rendered":"<p>Orze\u017awiaj\u0105cy smak pomara\u0144czy w po\u0142\u0105czeniu z imbirem tworzy przepyszny nap\u00f3j, kt\u00f3ry doskonale rozgrzewa<\/p>\n","protected":false},"featured_media":976,"comment_status":"open","ping_status":"closed","template":"","meta":{"_acf_changed":false},"product_brand":[],"product_cat":[22],"product_tag":[],"class_list":{"0":"post-153","1":"product","2":"type-product","3":"status-publish","4":"has-post-thumbnail","6":"product_cat-herbatki-owocowe","9":"first","10":"instock","11":"shipping-taxable","12":"product-type-simple"},"acf":[],"_links":{"self":[{"href":"https:\/\/marka.belin.pl\/index.php?rest_route=\/wp\/v2\/product\/153","targetHints":{"allow":["GET"]}}],"collection":[{"href":"https:\/\/marka.belin.pl\/index.php?rest_route=\/wp\/v2\/product"}],"about":[{"href":"https:\/\/marka.belin.pl\/index.php?rest_route=\/wp\/v2\/types\/product"}],"replies":[{"embeddable":true,"href":"https:\/\/marka.belin.pl\/index.php?rest_route=%2Fwp%2Fv2%2Fcomments&post=153"}],"wp:featuredmedia":[{"embeddable":true,"href":"https:\/\/marka.belin.pl\/index.php?rest_route=\/wp\/v2\/media\/976"}],"wp:attachment":[{"href":"https:\/\/marka.belin.pl\/index.php?rest_route=%2Fwp%2Fv2%2Fmedia&parent=153"}],"wp:term":[{"taxonomy":"product_brand","embeddable":true,"href":"https:\/\/marka.belin.pl\/index.php?rest_route=%2Fwp%2Fv2%2Fproduct_brand&post=153"},{"taxonomy":"product_cat","embeddable":true,"href":"https:\/\/marka.belin.pl\/index.php?rest_route=%2Fwp%2Fv2%2Fproduct_cat&post=153"},{"taxonomy":"product_tag","embeddable":true,"href":"https:\/\/marka.belin.pl\/index.php?rest_route=%2Fwp%2Fv2%2Fproduct_tag&post=153"}],"curies":[{"name":"wp","href":"https:\/\/api.w.org\/{rel}","templated":true}]}}