{"id":165,"date":"2016-10-02T18:32:01","date_gmt":"2016-10-02T16:32:01","guid":{"rendered":"http:\/\/belin-marka.jtcsoftware.pl\/?post_type=product&#038;p=165"},"modified":"2017-10-23T13:09:00","modified_gmt":"2017-10-23T11:09:00","slug":"herbatka-ziolowa-melisa","status":"publish","type":"product","link":"https:\/\/marka.belin.pl\/?product=herbatka-ziolowa-melisa","title":{"rendered":"Herbatka zio\u0142owa Melisa"},"content":{"rendered":"<p><span data-sheets-value=\"{&quot;1&quot;:2,&quot;2&quot;:&quot;S\\u0142odko-zio\\u0142owa, naturalnie klasyczna, zwyczajnie pyszna. Melisa. \\nWieczorna kr\\u00f3lewna polskich zi\\u00f3\\u0142. Wybawicielka, tych kt\\u00f3rzy potrzebuj\\u0105 pomocy w zasypianiu. S\\u0142odka towarzyszka pszcz\\u00f3\\u0142. W\\u0142a\\u015bciwo\\u015bci melisy reguluj\\u0105 i wzmacniaj\\u0105 prac\\u0119 uk\\u0142adu trawiennego. Ma silny, cytrynowy aromat, dlatego najlepiej smakuje podkre\\u015blona kropelk\\u0105 soku z tych cytrus\\u00f3w lub z konfitur\\u0105 z malin, kt\\u00f3ra wydob\\u0119dzie naturaln\\u0105 s\\u0142odycz melisy. Smakuje o ka\\u017cdej porze roku. Idealna dla ma\\u0142ych i du\\u017cych \\u0142asuch\\u00f3w. &quot;}\" data-sheets-userformat=\"{&quot;2&quot;:256,&quot;11&quot;:4}\">Wieczorna kr\u00f3lewna polskich zi\u00f3\u0142. Wybawicielka, tych kt\u00f3rzy potrzebuj\u0105 pomocy w zasypianiu. S\u0142odka towarzyszka pszcz\u00f3\u0142. W\u0142a\u015bciwo\u015bci melisy reguluj\u0105 i wzmacniaj\u0105 prac\u0119 uk\u0142adu trawiennego. Ma silny, cytrynowy aromat, dlatego najlepiej smakuje podkre\u015blona kropelk\u0105 soku z tych cytrus\u00f3w lub z konfitur\u0105 z malin, kt\u00f3ra wydob\u0119dzie naturaln\u0105 s\u0142odycz melisy. Smakuje o ka\u017cdej porze roku. Idealna dla ma\u0142ych i du\u017cych \u0142asuch\u00f3w. <\/span><\/p>\n","protected":false},"excerpt":{"rendered":"<p>S\u0142odko-zio\u0142owa, naturalnie klasyczna, zwyczajnie pyszna Melisa<\/p>\n","protected":false},"featured_media":1001,"comment_status":"open","ping_status":"closed","template":"","meta":{"_acf_changed":false},"product_brand":[],"product_cat":[24],"product_tag":[],"class_list":{"0":"post-165","1":"product","2":"type-product","3":"status-publish","4":"has-post-thumbnail","6":"product_cat-herbatki-ziolowe","9":"first","10":"instock","11":"shipping-taxable","12":"product-type-simple"},"acf":[],"_links":{"self":[{"href":"https:\/\/marka.belin.pl\/index.php?rest_route=\/wp\/v2\/product\/165","targetHints":{"allow":["GET"]}}],"collection":[{"href":"https:\/\/marka.belin.pl\/index.php?rest_route=\/wp\/v2\/product"}],"about":[{"href":"https:\/\/marka.belin.pl\/index.php?rest_route=\/wp\/v2\/types\/product"}],"replies":[{"embeddable":true,"href":"https:\/\/marka.belin.pl\/index.php?rest_route=%2Fwp%2Fv2%2Fcomments&post=165"}],"wp:featuredmedia":[{"embeddable":true,"href":"https:\/\/marka.belin.pl\/index.php?rest_route=\/wp\/v2\/media\/1001"}],"wp:attachment":[{"href":"https:\/\/marka.belin.pl\/index.php?rest_route=%2Fwp%2Fv2%2Fmedia&parent=165"}],"wp:term":[{"taxonomy":"product_brand","embeddable":true,"href":"https:\/\/marka.belin.pl\/index.php?rest_route=%2Fwp%2Fv2%2Fproduct_brand&post=165"},{"taxonomy":"product_cat","embeddable":true,"href":"https:\/\/marka.belin.pl\/index.php?rest_route=%2Fwp%2Fv2%2Fproduct_cat&post=165"},{"taxonomy":"product_tag","embeddable":true,"href":"https:\/\/marka.belin.pl\/index.php?rest_route=%2Fwp%2Fv2%2Fproduct_tag&post=165"}],"curies":[{"name":"wp","href":"https:\/\/api.w.org\/{rel}","templated":true}]}}