{"id":167,"date":"2016-10-02T18:37:55","date_gmt":"2016-10-02T16:37:55","guid":{"rendered":"http:\/\/belin-marka.jtcsoftware.pl\/?post_type=product&#038;p=167"},"modified":"2017-10-23T13:11:40","modified_gmt":"2017-10-23T11:11:40","slug":"herbatka-ziolowa-rumianek-2","status":"publish","type":"product","link":"https:\/\/marka.belin.pl\/?product=herbatka-ziolowa-rumianek-2","title":{"rendered":"Herbatka zio\u0142owa Rumianek"},"content":{"rendered":"<p><span data-sheets-value=\"{&quot;1&quot;:2,&quot;2&quot;:&quot;Rumianek (10101032)\\nSkromny pa\\u017a w\\u015br\\u00f3d polskich zi\\u00f3\\u0142 o bia\\u0142ych kwiatkach. Rumianek.\\nSpotykany na \\u0142\\u0105kach, po\\u015br\\u00f3d zb\\u00f3\\u017c na polach oraz przy ma\\u0142o ucz\\u0119szczanych drogach. Nie wychyla si\\u0119, skromnie kieruj\\u0105c bia\\u0142e kwiatki ku s\\u0142o\\u0144cu. Rozpowszechniony na ca\\u0142ym \\u015bwiecie, pospolity, ale po\\u017cyteczny. Rumianek ma w\\u0142a\\u015bciwo\\u015bci przeciwzapalne. Napar jest do\\u015b\\u0107 s\\u0142odki, o silnym zapachu, ale jednocze\\u015bnie \\u0142agodny \\u2013smakuje ka\\u017cdemu. Pomocny tak\\u017ce, gdy ca\\u0142\\u0105 noc sp\\u0119dzimy z ksi\\u0105\\u017ck\\u0105 w r\\u0119ku, a nasze oczy wo\\u0142aj\\u0105 S.O.S.\\n&quot;}\" data-sheets-userformat=\"{&quot;2&quot;:256,&quot;11&quot;:4}\">Spotykany na \u0142\u0105kach, po\u015br\u00f3d zb\u00f3\u017c na polach oraz przy ma\u0142o ucz\u0119szczanych drogach. Nie wychyla si\u0119, skromnie kieruj\u0105c bia\u0142e kwiatki ku s\u0142o\u0144cu. Rozpowszechniony na ca\u0142ym \u015bwiecie, pospolity, ale po\u017cyteczny. Rumianek ma w\u0142a\u015bciwo\u015bci przeciwzapalne. Napar jest do\u015b\u0107 s\u0142odki, o silnym zapachu, ale jednocze\u015bnie \u0142agodny &#8211; smakuje ka\u017cdemu. Pomocny tak\u017ce, gdy ca\u0142\u0105 noc sp\u0119dzimy z ksi\u0105\u017ck\u0105 w r\u0119ku, a nasze oczy wo\u0142aj\u0105 S.O.S.<br \/>\n<\/span><\/p>\n","protected":false},"excerpt":{"rendered":"<p>Skromny pa\u017a w\u015br\u00f3d polskich zi\u00f3\u0142 o bia\u0142ych kwiatkach<\/p>\n","protected":false},"featured_media":1003,"comment_status":"open","ping_status":"closed","template":"","meta":{"_acf_changed":false},"product_brand":[],"product_cat":[24],"product_tag":[],"class_list":{"0":"post-167","1":"product","2":"type-product","3":"status-publish","4":"has-post-thumbnail","6":"product_cat-herbatki-ziolowe","9":"first","10":"instock","11":"shipping-taxable","12":"product-type-simple"},"acf":[],"_links":{"self":[{"href":"https:\/\/marka.belin.pl\/index.php?rest_route=\/wp\/v2\/product\/167","targetHints":{"allow":["GET"]}}],"collection":[{"href":"https:\/\/marka.belin.pl\/index.php?rest_route=\/wp\/v2\/product"}],"about":[{"href":"https:\/\/marka.belin.pl\/index.php?rest_route=\/wp\/v2\/types\/product"}],"replies":[{"embeddable":true,"href":"https:\/\/marka.belin.pl\/index.php?rest_route=%2Fwp%2Fv2%2Fcomments&post=167"}],"wp:featuredmedia":[{"embeddable":true,"href":"https:\/\/marka.belin.pl\/index.php?rest_route=\/wp\/v2\/media\/1003"}],"wp:attachment":[{"href":"https:\/\/marka.belin.pl\/index.php?rest_route=%2Fwp%2Fv2%2Fmedia&parent=167"}],"wp:term":[{"taxonomy":"product_brand","embeddable":true,"href":"https:\/\/marka.belin.pl\/index.php?rest_route=%2Fwp%2Fv2%2Fproduct_brand&post=167"},{"taxonomy":"product_cat","embeddable":true,"href":"https:\/\/marka.belin.pl\/index.php?rest_route=%2Fwp%2Fv2%2Fproduct_cat&post=167"},{"taxonomy":"product_tag","embeddable":true,"href":"https:\/\/marka.belin.pl\/index.php?rest_route=%2Fwp%2Fv2%2Fproduct_tag&post=167"}],"curies":[{"name":"wp","href":"https:\/\/api.w.org\/{rel}","templated":true}]}}