{"id":169,"date":"2016-10-02T18:41:40","date_gmt":"2016-10-02T16:41:40","guid":{"rendered":"http:\/\/belin-marka.jtcsoftware.pl\/?post_type=product&#038;p=169"},"modified":"2017-09-17T19:49:58","modified_gmt":"2017-09-17T17:49:58","slug":"herbatka-ziolowa-mieta-3","status":"publish","type":"product","link":"https:\/\/marka.belin.pl\/?product=herbatka-ziolowa-mieta-3","title":{"rendered":"Herbatka zio\u0142owa Mi\u0119ta"},"content":{"rendered":"<p><span data-sheets-value=\"{&quot;1&quot;:2,&quot;2&quot;:&quot;Niekwestionowana kr\\u00f3lowa w\\u015br\\u00f3d zi\\u00f3\\u0142. Niepodzielnie rz\\u0105dzi w kuchni, pojawiaj\\u0105c si\\u0119 wsz\\u0119dzie. Od przystawki po deser. Teraz tak\\u017ce jako herbatka, wzbogacaj\\u0105ca ka\\u017cde spotkanie. Rozsmakuj si\\u0119 w jej aromacie i pozw\\u00f3l sobie poprawi\\u0107 humor. Wzmacniaj\\u0105ce w\\u0142a\\u015bciwo\\u015bci mi\\u0119ty wspomog\\u0105 funkcjonowanie Twojej w\\u0105troby i rozlu\\u017ani\\u0105 organizm. Jej wysoko\\u015b\\u0107 Mi\\u0119ta wspomaga tak\\u017ce walk\\u0119 z porannymi md\\u0142o\\u015bciami. Od\\u015bwie\\u017ca umys\\u0142 i cia\\u0142o. Szczeg\\u00f3lnie w letnie wakacyjne popo\\u0142udnia, podana na zimno z kostkami lodu och\\u0142odzi i pozwoli nabra\\u0107 energii. Odrobina cytryny wzmocni aromat i dodatkowo pog\\u0142\\u0119bi smak naparu.&quot;}\" data-sheets-userformat=\"{&quot;2&quot;:256,&quot;11&quot;:4}\">Niekwestionowana kr\u00f3lowa w\u015br\u00f3d zi\u00f3\u0142. Niepodzielnie rz\u0105dzi w kuchni, pojawiaj\u0105c si\u0119 wsz\u0119dzie. Od przystawki po deser. Teraz tak\u017ce jako herbatka, wzbogacaj\u0105ca ka\u017cde spotkanie. Rozsmakuj si\u0119 w jej aromacie i pozw\u00f3l sobie poprawi\u0107 humor. Wzmacniaj\u0105ce w\u0142a\u015bciwo\u015bci mi\u0119ty wspomog\u0105 funkcjonowanie Twojej w\u0105troby i rozlu\u017ani\u0105 organizm. Jej wysoko\u015b\u0107 Mi\u0119ta wspomaga tak\u017ce walk\u0119 z porannymi md\u0142o\u015bciami. Od\u015bwie\u017ca umys\u0142 i cia\u0142o. Szczeg\u00f3lnie w letnie wakacyjne popo\u0142udnia, podana na zimno z kostkami lodu och\u0142odzi i pozwoli nabra\u0107 energii. Odrobina cytryny wzmocni aromat i dodatkowo pog\u0142\u0119bi smak naparu.<\/span><\/p>\n","protected":false},"excerpt":{"rendered":"<p>Niekwestionowana kr\u00f3lowa w\u015br\u00f3d zi\u00f3\u0142<\/p>\n","protected":false},"featured_media":987,"comment_status":"open","ping_status":"closed","template":"","meta":{"_acf_changed":false},"product_brand":[],"product_cat":[24],"product_tag":[],"class_list":{"0":"post-169","1":"product","2":"type-product","3":"status-publish","4":"has-post-thumbnail","6":"product_cat-herbatki-ziolowe","9":"first","10":"instock","11":"shipping-taxable","12":"product-type-simple"},"acf":[],"_links":{"self":[{"href":"https:\/\/marka.belin.pl\/index.php?rest_route=\/wp\/v2\/product\/169","targetHints":{"allow":["GET"]}}],"collection":[{"href":"https:\/\/marka.belin.pl\/index.php?rest_route=\/wp\/v2\/product"}],"about":[{"href":"https:\/\/marka.belin.pl\/index.php?rest_route=\/wp\/v2\/types\/product"}],"replies":[{"embeddable":true,"href":"https:\/\/marka.belin.pl\/index.php?rest_route=%2Fwp%2Fv2%2Fcomments&post=169"}],"wp:featuredmedia":[{"embeddable":true,"href":"https:\/\/marka.belin.pl\/index.php?rest_route=\/wp\/v2\/media\/987"}],"wp:attachment":[{"href":"https:\/\/marka.belin.pl\/index.php?rest_route=%2Fwp%2Fv2%2Fmedia&parent=169"}],"wp:term":[{"taxonomy":"product_brand","embeddable":true,"href":"https:\/\/marka.belin.pl\/index.php?rest_route=%2Fwp%2Fv2%2Fproduct_brand&post=169"},{"taxonomy":"product_cat","embeddable":true,"href":"https:\/\/marka.belin.pl\/index.php?rest_route=%2Fwp%2Fv2%2Fproduct_cat&post=169"},{"taxonomy":"product_tag","embeddable":true,"href":"https:\/\/marka.belin.pl\/index.php?rest_route=%2Fwp%2Fv2%2Fproduct_tag&post=169"}],"curies":[{"name":"wp","href":"https:\/\/api.w.org\/{rel}","templated":true}]}}