{"id":171,"date":"2016-10-02T18:45:33","date_gmt":"2016-10-02T16:45:33","guid":{"rendered":"http:\/\/belin-marka.jtcsoftware.pl\/?post_type=product&#038;p=171"},"modified":"2017-10-23T13:16:11","modified_gmt":"2017-10-23T11:16:11","slug":"herbatka-ziolowa-lipa","status":"publish","type":"product","link":"https:\/\/marka.belin.pl\/?product=herbatka-ziolowa-lipa","title":{"rendered":"Herbatka zio\u0142owa Lipa"},"content":{"rendered":"<p><span data-sheets-value=\"{&quot;1&quot;:2,&quot;2&quot;:&quot;Kwiat lipy\\nNienachlany w smaku, niepozorny rycerz i towarzysz pszcz\\u00f3\\u0142.\\nKwiaty, zbierane w czerwcowe poranki, zachowuj\\u0105 sw\\u00f3j aromat po zamkni\\u0119ciu ich w niewielkich torebeczkach, tak aby\\u015b m\\u00f3g\\u0142 cieszy\\u0107 si\\u0119 ich s\\u0142odkim aromatem przez ca\\u0142y rok. \\u017b\\u00f3\\u0142ty napar o bardzo delikatnym smaku idealnie komponuje si\\u0119 z lekkim \\u015bniadaniem spo\\u017cywanym o poranku. Nie\\u015bmia\\u0142a miodowa wo\\u0144 zwabia nie tylko \\u0142asuch\\u00f3w. Tak\\u017ce pszcz\\u00f3\\u0142ki i inne owady zlatuj\\u0105 si\\u0119 w pobli\\u017cu kwiatostan\\u00f3w. Napar z kwiat\\u00f3w lipy pomaga zasn\\u0105\\u0107 i wzmacnia uk\\u0142ad odporno\\u015bciowy. Podobnie jak koszyczki rumianku, stosowany jest jako ok\\u0142ady na powieki.&quot;}\" data-sheets-userformat=\"{&quot;2&quot;:256,&quot;11&quot;:4}\">Kwiaty, zbierane w czerwcowe poranki, zachowuj\u0105 sw\u00f3j aromat po zamkni\u0119ciu ich w niewielkich torebeczkach, tak aby\u015b m\u00f3g\u0142 cieszy\u0107 si\u0119 ich s\u0142odkim aromatem przez ca\u0142y rok. \u017b\u00f3\u0142ty napar o bardzo delikatnym smaku idealnie komponuje si\u0119 z lekkim \u015bniadaniem spo\u017cywanym o poranku. Nie\u015bmia\u0142a miodowa wo\u0144 zwabia nie tylko \u0142asuch\u00f3w. Tak\u017ce pszcz\u00f3\u0142ki i inne owady zlatuj\u0105 si\u0119 w pobli\u017cu kwiatostan\u00f3w. Napar z kwiat\u00f3w lipy pomaga zasn\u0105\u0107 i wzmacnia uk\u0142ad odporno\u015bciowy. Podobnie jak koszyczki rumianku, stosowany jest jako ok\u0142ady na powieki.<\/span><\/p>\n","protected":false},"excerpt":{"rendered":"<p>Nienachalny w smaku, niepozorny rycerz i towarzysz pszcz\u00f3\u0142<\/p>\n","protected":false},"featured_media":1009,"comment_status":"open","ping_status":"closed","template":"","meta":{"_acf_changed":false},"product_brand":[],"product_cat":[24],"product_tag":[],"class_list":{"0":"post-171","1":"product","2":"type-product","3":"status-publish","4":"has-post-thumbnail","6":"product_cat-herbatki-ziolowe","9":"first","10":"instock","11":"shipping-taxable","12":"product-type-simple"},"acf":[],"_links":{"self":[{"href":"https:\/\/marka.belin.pl\/index.php?rest_route=\/wp\/v2\/product\/171","targetHints":{"allow":["GET"]}}],"collection":[{"href":"https:\/\/marka.belin.pl\/index.php?rest_route=\/wp\/v2\/product"}],"about":[{"href":"https:\/\/marka.belin.pl\/index.php?rest_route=\/wp\/v2\/types\/product"}],"replies":[{"embeddable":true,"href":"https:\/\/marka.belin.pl\/index.php?rest_route=%2Fwp%2Fv2%2Fcomments&post=171"}],"wp:featuredmedia":[{"embeddable":true,"href":"https:\/\/marka.belin.pl\/index.php?rest_route=\/wp\/v2\/media\/1009"}],"wp:attachment":[{"href":"https:\/\/marka.belin.pl\/index.php?rest_route=%2Fwp%2Fv2%2Fmedia&parent=171"}],"wp:term":[{"taxonomy":"product_brand","embeddable":true,"href":"https:\/\/marka.belin.pl\/index.php?rest_route=%2Fwp%2Fv2%2Fproduct_brand&post=171"},{"taxonomy":"product_cat","embeddable":true,"href":"https:\/\/marka.belin.pl\/index.php?rest_route=%2Fwp%2Fv2%2Fproduct_cat&post=171"},{"taxonomy":"product_tag","embeddable":true,"href":"https:\/\/marka.belin.pl\/index.php?rest_route=%2Fwp%2Fv2%2Fproduct_tag&post=171"}],"curies":[{"name":"wp","href":"https:\/\/api.w.org\/{rel}","templated":true}]}}