{"id":1714,"date":"2019-02-10T10:47:33","date_gmt":"2019-02-10T09:47:33","guid":{"rendered":"http:\/\/marka.belin.pl\/?post_type=product&#038;p=1714"},"modified":"2025-04-04T12:24:01","modified_gmt":"2025-04-04T10:24:01","slug":"herbatka-wieloowocowa","status":"publish","type":"product","link":"https:\/\/marka.belin.pl\/?product=herbatka-wieloowocowa","title":{"rendered":"Herbatka wieloowocowa"},"content":{"rendered":"<p>Doskona\u0142a mieszanka suszy owocowych o przyjemnym smaku i aromacie. Zr\u00f3wnowa\u017cony s\u0142odki smak malin i jab\u0142ek doskonale uzupe\u0142niony orze\u017awiaj\u0105ca dzik\u0105 r\u00f3\u017c\u0105 i p\u0142atkami hibiskusa. Herbatki owocowe nie zawieraj\u0105 teiny, dlatego polecamy r\u00f3wnie\u017c dla najm\u0142odszych jako alternatywa s\u0142odkich napoi. Smaczna kompozycja dla ma\u0142ych i du\u017cych, na co dzie\u0144 oraz wyj\u0105tkowe chwile.<\/p>\n","protected":false},"excerpt":{"rendered":"<p>Doskona\u0142a mieszanka suszy owocowych o przyjemnym smaku i aromacie. Zr\u00f3wnowa\u017cony s\u0142odki smak malin i jab\u0142ek doskonale uzupe\u0142niony orze\u017awiaj\u0105ca dzik\u0105 r\u00f3\u017c\u0105 i p\u0142atkami hibiskusa. Herbatki owocowe nie zawieraj\u0105 teiny, dlatego polecamy r\u00f3wnie\u017c dla najm\u0142odszych jako alternatywa s\u0142odkich napoi. Smaczna kompozycja dla ma\u0142ych i du\u017cych, na co dzie\u0144 oraz wyj\u0105tkowe chwile.<\/p>\n","protected":false},"featured_media":1715,"comment_status":"open","ping_status":"closed","template":"","meta":{"_acf_changed":false},"product_brand":[],"product_cat":[9],"product_tag":[],"class_list":{"0":"post-1714","1":"product","2":"type-product","3":"status-publish","4":"has-post-thumbnail","6":"product_cat-herbaty-ekspresowe-premium-dwukomorowe","9":"first","10":"instock","11":"shipping-taxable","12":"product-type-simple"},"acf":[],"_links":{"self":[{"href":"https:\/\/marka.belin.pl\/index.php?rest_route=\/wp\/v2\/product\/1714","targetHints":{"allow":["GET"]}}],"collection":[{"href":"https:\/\/marka.belin.pl\/index.php?rest_route=\/wp\/v2\/product"}],"about":[{"href":"https:\/\/marka.belin.pl\/index.php?rest_route=\/wp\/v2\/types\/product"}],"replies":[{"embeddable":true,"href":"https:\/\/marka.belin.pl\/index.php?rest_route=%2Fwp%2Fv2%2Fcomments&post=1714"}],"wp:featuredmedia":[{"embeddable":true,"href":"https:\/\/marka.belin.pl\/index.php?rest_route=\/wp\/v2\/media\/1715"}],"wp:attachment":[{"href":"https:\/\/marka.belin.pl\/index.php?rest_route=%2Fwp%2Fv2%2Fmedia&parent=1714"}],"wp:term":[{"taxonomy":"product_brand","embeddable":true,"href":"https:\/\/marka.belin.pl\/index.php?rest_route=%2Fwp%2Fv2%2Fproduct_brand&post=1714"},{"taxonomy":"product_cat","embeddable":true,"href":"https:\/\/marka.belin.pl\/index.php?rest_route=%2Fwp%2Fv2%2Fproduct_cat&post=1714"},{"taxonomy":"product_tag","embeddable":true,"href":"https:\/\/marka.belin.pl\/index.php?rest_route=%2Fwp%2Fv2%2Fproduct_tag&post=1714"}],"curies":[{"name":"wp","href":"https:\/\/api.w.org\/{rel}","templated":true}]}}