{"id":179,"date":"2016-10-02T18:53:27","date_gmt":"2016-10-02T16:53:27","guid":{"rendered":"http:\/\/belin-marka.jtcsoftware.pl\/?post_type=product&#038;p=179"},"modified":"2017-10-23T13:02:25","modified_gmt":"2017-10-23T11:02:25","slug":"herbatka-ziolowa-dziurawiec","status":"publish","type":"product","link":"https:\/\/marka.belin.pl\/?product=herbatka-ziolowa-dziurawiec","title":{"rendered":"Herbatka zio\u0142owa Dziurawiec"},"content":{"rendered":"<p><span data-sheets-value=\"{&quot;1&quot;:2,&quot;2&quot;:&quot;Zio\\u0142owy Lord Obro\\u0144ca dobrego nastroju \\u2013 Dziurawiec. Znany by\\u0142 ju\\u017c w staro\\u017cytnym Egipcie. Teraz ro\\u015bnie dumnie w\\u015br\\u00f3d le\\u015bnych krzew\\u00f3w, przy polnych drogach oraz w niejednym przydomowym ogr\\u00f3dku. Mo\\u017cna spotka\\u0107 go tak\\u017ce na \\u0142\\u0105kach i w zaro\\u015blach. Ziele dziurawca posiada ukryte talenty. Pomaga przy bezsenno\\u015bci, i drobnych urazach. Herbatka z dziurawca pomaga tak\\u017ce w walce z infekcjami jamy ustnej i gard\\u0142a. &quot;}\" data-sheets-userformat=\"{&quot;2&quot;:256,&quot;11&quot;:4}\">SUPLEMENT DIETY<br \/>\n<\/span><span data-sheets-value=\"{&quot;1&quot;:2,&quot;2&quot;:&quot;Zio\\u0142owy Lord Obro\\u0144ca dobrego nastroju \\u2013 Dziurawiec. Znany by\\u0142 ju\\u017c w staro\\u017cytnym Egipcie. Teraz ro\\u015bnie dumnie w\\u015br\\u00f3d le\\u015bnych krzew\\u00f3w, przy polnych drogach oraz w niejednym przydomowym ogr\\u00f3dku. Mo\\u017cna spotka\\u0107 go tak\\u017ce na \\u0142\\u0105kach i w zaro\\u015blach. Ziele dziurawca posiada ukryte talenty. Pomaga przy bezsenno\\u015bci, i drobnych urazach. Herbatka z dziurawca pomaga tak\\u017ce w walce z infekcjami jamy ustnej i gard\\u0142a. &quot;}\" data-sheets-userformat=\"{&quot;2&quot;:256,&quot;11&quot;:4}\">Zio\u0142owy Lord Obro\u0144ca dobrego nastroju \u2013 Dziurawiec. Znany by\u0142 ju\u017c w staro\u017cytnym Egipcie. Teraz ro\u015bnie dumnie w\u015br\u00f3d le\u015bnych krzew\u00f3w, przy polnych drogach oraz w niejednym przydomowym ogr\u00f3dku. Mo\u017cna spotka\u0107 go tak\u017ce na \u0142\u0105kach i w zaro\u015blach. Ziele dziurawca posiada ukryte talenty. Pomaga przy bezsenno\u015bci, i drobnych urazach. Herbatka z dziurawca pomaga tak\u017ce w walce z infekcjami jamy ustnej i gard\u0142a. <\/span><\/p>\n","protected":false},"excerpt":{"rendered":"<p>Suplement diety Dziurawiec &#8211; Zio\u0142owy Lord Obro\u0144ca dobrego nastroju<\/p>\n","protected":false},"featured_media":864,"comment_status":"open","ping_status":"closed","template":"","meta":{"_acf_changed":false},"product_brand":[],"product_cat":[24],"product_tag":[],"class_list":{"0":"post-179","1":"product","2":"type-product","3":"status-publish","4":"has-post-thumbnail","6":"product_cat-herbatki-ziolowe","9":"first","10":"instock","11":"shipping-taxable","12":"product-type-simple"},"acf":[],"_links":{"self":[{"href":"https:\/\/marka.belin.pl\/index.php?rest_route=\/wp\/v2\/product\/179","targetHints":{"allow":["GET"]}}],"collection":[{"href":"https:\/\/marka.belin.pl\/index.php?rest_route=\/wp\/v2\/product"}],"about":[{"href":"https:\/\/marka.belin.pl\/index.php?rest_route=\/wp\/v2\/types\/product"}],"replies":[{"embeddable":true,"href":"https:\/\/marka.belin.pl\/index.php?rest_route=%2Fwp%2Fv2%2Fcomments&post=179"}],"wp:featuredmedia":[{"embeddable":true,"href":"https:\/\/marka.belin.pl\/index.php?rest_route=\/wp\/v2\/media\/864"}],"wp:attachment":[{"href":"https:\/\/marka.belin.pl\/index.php?rest_route=%2Fwp%2Fv2%2Fmedia&parent=179"}],"wp:term":[{"taxonomy":"product_brand","embeddable":true,"href":"https:\/\/marka.belin.pl\/index.php?rest_route=%2Fwp%2Fv2%2Fproduct_brand&post=179"},{"taxonomy":"product_cat","embeddable":true,"href":"https:\/\/marka.belin.pl\/index.php?rest_route=%2Fwp%2Fv2%2Fproduct_cat&post=179"},{"taxonomy":"product_tag","embeddable":true,"href":"https:\/\/marka.belin.pl\/index.php?rest_route=%2Fwp%2Fv2%2Fproduct_tag&post=179"}],"curies":[{"name":"wp","href":"https:\/\/api.w.org\/{rel}","templated":true}]}}