{"id":181,"date":"2016-10-02T19:00:21","date_gmt":"2016-10-02T17:00:21","guid":{"rendered":"http:\/\/belin-marka.jtcsoftware.pl\/?post_type=product&#038;p=181"},"modified":"2017-09-17T19:50:56","modified_gmt":"2017-09-17T17:50:56","slug":"herbatka-ziolowa-morwa-biala","status":"publish","type":"product","link":"https:\/\/marka.belin.pl\/?product=herbatka-ziolowa-morwa-biala","title":{"rendered":"Herbatka zio\u0142owa Morwa Bia\u0142a"},"content":{"rendered":"<p><span data-sheets-value=\"{&quot;1&quot;:2,&quot;2&quot;:&quot;Margrabina w\\u015br\\u00f3d zi\\u00f3\\u0142 o dumnie brzmi\\u0105cym imieniu \\u2013 Morwa bia\\u0142a. Jej owoce przypominaj\\u0105 wygl\\u0105dem je\\u017cyny, jednak bia\\u0142a barwa kusi swoj\\u0105 niewinno\\u015bci\\u0105 i tajemniczo\\u015bci\\u0105. Orientalna margrabina przyby\\u0142a a\\u017c z Chin. Nie uda\\u0142o jej si\\u0119 str\\u0105ci\\u0107 z tronu rodzimej kr\\u00f3lowej, jednak niew\\u0105tpliwie namiesza\\u0142a w kr\\u00f3lestwie zi\\u00f3\\u0142 za spraw\\u0105 swoich w\\u0142a\\u015bciwo\\u015bci. Morwa bia\\u0142a wspomaga w walce z oty\\u0142o\\u015bci\\u0105 i cukrzyc\\u0105, usprawnia funkcjonowanie m\\u00f3zgu. \\n&quot;}\" data-sheets-userformat=\"{&quot;2&quot;:256,&quot;11&quot;:4}\">Margrabina w\u015br\u00f3d zi\u00f3\u0142 o dumnie brzmi\u0105cym imieniu \u2013 Morwa bia\u0142a. Jej owoce przypominaj\u0105 wygl\u0105dem je\u017cyny, jednak bia\u0142a barwa kusi swoj\u0105 niewinno\u015bci\u0105 i tajemniczo\u015bci\u0105. Orientalna margrabina przyby\u0142a a\u017c z Chin. Nie uda\u0142o jej si\u0119 str\u0105ci\u0107 z tronu rodzimej kr\u00f3lowej, jednak niew\u0105tpliwie namiesza\u0142a w kr\u00f3lestwie zi\u00f3\u0142 za spraw\u0105 swoich w\u0142a\u015bciwo\u015bci. Morwa bia\u0142a wspomaga w walce z oty\u0142o\u015bci\u0105 i cukrzyc\u0105, usprawnia funkcjonowanie m\u00f3zgu.<br \/>\n<\/span><\/p>\n","protected":false},"excerpt":{"rendered":"<p>Margrabina w\u015br\u00f3d zi\u00f3\u0142 o dumnie brzmi\u0105cym imieniu \u2013 Morwa bia\u0142a<\/p>\n","protected":false},"featured_media":989,"comment_status":"open","ping_status":"closed","template":"","meta":{"_acf_changed":false},"product_brand":[],"product_cat":[24],"product_tag":[],"class_list":{"0":"post-181","1":"product","2":"type-product","3":"status-publish","4":"has-post-thumbnail","6":"product_cat-herbatki-ziolowe","9":"first","10":"instock","11":"shipping-taxable","12":"product-type-simple"},"acf":[],"_links":{"self":[{"href":"https:\/\/marka.belin.pl\/index.php?rest_route=\/wp\/v2\/product\/181","targetHints":{"allow":["GET"]}}],"collection":[{"href":"https:\/\/marka.belin.pl\/index.php?rest_route=\/wp\/v2\/product"}],"about":[{"href":"https:\/\/marka.belin.pl\/index.php?rest_route=\/wp\/v2\/types\/product"}],"replies":[{"embeddable":true,"href":"https:\/\/marka.belin.pl\/index.php?rest_route=%2Fwp%2Fv2%2Fcomments&post=181"}],"wp:featuredmedia":[{"embeddable":true,"href":"https:\/\/marka.belin.pl\/index.php?rest_route=\/wp\/v2\/media\/989"}],"wp:attachment":[{"href":"https:\/\/marka.belin.pl\/index.php?rest_route=%2Fwp%2Fv2%2Fmedia&parent=181"}],"wp:term":[{"taxonomy":"product_brand","embeddable":true,"href":"https:\/\/marka.belin.pl\/index.php?rest_route=%2Fwp%2Fv2%2Fproduct_brand&post=181"},{"taxonomy":"product_cat","embeddable":true,"href":"https:\/\/marka.belin.pl\/index.php?rest_route=%2Fwp%2Fv2%2Fproduct_cat&post=181"},{"taxonomy":"product_tag","embeddable":true,"href":"https:\/\/marka.belin.pl\/index.php?rest_route=%2Fwp%2Fv2%2Fproduct_tag&post=181"}],"curies":[{"name":"wp","href":"https:\/\/api.w.org\/{rel}","templated":true}]}}