{"id":185,"date":"2016-10-02T19:04:09","date_gmt":"2016-10-02T17:04:09","guid":{"rendered":"http:\/\/belin-marka.jtcsoftware.pl\/?post_type=product&#038;p=185"},"modified":"2017-09-17T20:01:28","modified_gmt":"2017-09-17T18:01:28","slug":"herbatka-ziolowa-skrzyp","status":"publish","type":"product","link":"https:\/\/marka.belin.pl\/?product=herbatka-ziolowa-skrzyp","title":{"rendered":"Herbatka zio\u0142owa Skrzyp"},"content":{"rendered":"<p><span data-sheets-value=\"{&quot;1&quot;:2,&quot;2&quot;:&quot;Kr\\u00f3l w\\u015br\\u00f3d polskich zi\\u00f3\\u0142. Niepodzielnie rz\\u0105dzi ka\\u017cdym iglastym zagajnikiem. Skrzyp.\\nZnany ze wzgl\\u0119du na swe wzmacniaj\\u0105ce w\\u0142a\\u015bciwo\\u015bci. Pomaga, gdy \\u0142ami\\u0105 si\\u0119 paznokcie lub podczas wypadania w\\u0142os\\u00f3w. W kuchni go\\u015bci rzadko. Najwy\\u017csza pora to zmieni\\u0107. Podb\\u00f3j kuchennych szafek rozpocznie od tej przeznaczonej dla herbatek. Ziele skrzypu jest \\u015bwietnym materia\\u0142em \\u015bciernym, dzi\\u0119ki kt\\u00f3remu mo\\u017cna doczy\\u015bci\\u0107 nawet najbardziej zabrudzone garnki podczas biwaku lub wypadu pod namiot. Czyszcz\\u0105c garnek mieszank\\u0105 ziela torebek z odrobin\\u0105 wody dbamy o \\u015brodowisko, nie zanieczyszczaj\\u0105c go chemikaliami.\\n&quot;}\" data-sheets-userformat=\"{&quot;2&quot;:256,&quot;11&quot;:4}\">Kr\u00f3l w\u015br\u00f3d polskich zi\u00f3\u0142. Niepodzielnie rz\u0105dzi ka\u017cdym iglastym zagajnikiem. Skrzyp.<br \/>\nZnany ze wzgl\u0119du na swe wzmacniaj\u0105ce w\u0142a\u015bciwo\u015bci. Pomaga, gdy \u0142ami\u0105 si\u0119 paznokcie lub podczas wypadania w\u0142os\u00f3w. W kuchni go\u015bci rzadko. Najwy\u017csza pora to zmieni\u0107. Podb\u00f3j kuchennych szafek rozpocznie od tej przeznaczonej dla herbatek. Ziele skrzypu jest \u015bwietnym materia\u0142em \u015bciernym, dzi\u0119ki kt\u00f3remu mo\u017cna doczy\u015bci\u0107 nawet najbardziej zabrudzone garnki podczas biwaku lub wypadu pod namiot. Czyszcz\u0105c garnek mieszank\u0105 ziela torebek z odrobin\u0105 wody dbamy o \u015brodowisko, nie zanieczyszczaj\u0105c go chemikaliami.<br \/>\n<\/span><\/p>\n","protected":false},"excerpt":{"rendered":"<p>Kr\u00f3l w\u015br\u00f3d polskich zi\u00f3\u0142. Niepodzielnie rz\u0105dzi ka\u017cdym iglastym zagajnikiem<\/p>\n","protected":false},"featured_media":1007,"comment_status":"open","ping_status":"closed","template":"","meta":{"_acf_changed":false},"product_brand":[],"product_cat":[24],"product_tag":[],"class_list":{"0":"post-185","1":"product","2":"type-product","3":"status-publish","4":"has-post-thumbnail","6":"product_cat-herbatki-ziolowe","9":"first","10":"instock","11":"shipping-taxable","12":"product-type-simple"},"acf":[],"_links":{"self":[{"href":"https:\/\/marka.belin.pl\/index.php?rest_route=\/wp\/v2\/product\/185","targetHints":{"allow":["GET"]}}],"collection":[{"href":"https:\/\/marka.belin.pl\/index.php?rest_route=\/wp\/v2\/product"}],"about":[{"href":"https:\/\/marka.belin.pl\/index.php?rest_route=\/wp\/v2\/types\/product"}],"replies":[{"embeddable":true,"href":"https:\/\/marka.belin.pl\/index.php?rest_route=%2Fwp%2Fv2%2Fcomments&post=185"}],"wp:featuredmedia":[{"embeddable":true,"href":"https:\/\/marka.belin.pl\/index.php?rest_route=\/wp\/v2\/media\/1007"}],"wp:attachment":[{"href":"https:\/\/marka.belin.pl\/index.php?rest_route=%2Fwp%2Fv2%2Fmedia&parent=185"}],"wp:term":[{"taxonomy":"product_brand","embeddable":true,"href":"https:\/\/marka.belin.pl\/index.php?rest_route=%2Fwp%2Fv2%2Fproduct_brand&post=185"},{"taxonomy":"product_cat","embeddable":true,"href":"https:\/\/marka.belin.pl\/index.php?rest_route=%2Fwp%2Fv2%2Fproduct_cat&post=185"},{"taxonomy":"product_tag","embeddable":true,"href":"https:\/\/marka.belin.pl\/index.php?rest_route=%2Fwp%2Fv2%2Fproduct_tag&post=185"}],"curies":[{"name":"wp","href":"https:\/\/api.w.org\/{rel}","templated":true}]}}