{"id":193,"date":"2016-10-02T19:15:38","date_gmt":"2016-10-02T17:15:38","guid":{"rendered":"http:\/\/belin-marka.jtcsoftware.pl\/?post_type=product&#038;p=193"},"modified":"2017-10-23T13:23:28","modified_gmt":"2017-10-23T11:23:28","slug":"herbata-zielona-2","status":"publish","type":"product","link":"https:\/\/marka.belin.pl\/?product=herbata-zielona-2","title":{"rendered":"Herbata zielona"},"content":{"rendered":"<p><span data-sheets-value=\"{&quot;1&quot;:2,&quot;2&quot;:&quot;Tradycyjna herbata zielona o intensywnym aromacie\\nRozja\\u015bnia umys\\u0142 i poprawia nastr\\u00f3j. Najlepiej smakuje podczas popo\\u0142udniowej przerwy na lunch, gdy brakuje energii po emocjonuj\\u0105cym poranku, a przed nami jeszcze kilka godzin pracy. Wspomaga funkcjonowanie metabolizmu, dzi\\u0119ki czemu jest przyjaci\\u00f3\\u0142k\\u0105 ka\\u017cdej diety odchudzaj\\u0105cej. Pomo\\u017ce tak\\u017ce przy zapaleniu spoj\\u00f3wek. &quot;}\" data-sheets-userformat=\"{&quot;2&quot;:256,&quot;11&quot;:4}\">Rozja\u015bnia umys\u0142 i poprawia nastr\u00f3j. Najlepiej smakuje podczas popo\u0142udniowej przerwy na lunch, gdy brakuje energii po emocjonuj\u0105cym poranku, a przed nami jeszcze kilka godzin pracy. Wspomaga funkcjonowanie metabolizmu, dzi\u0119ki czemu jest przyjaci\u00f3\u0142k\u0105 ka\u017cdej diety odchudzaj\u0105cej. Pomo\u017ce tak\u017ce przy zapaleniu spoj\u00f3wek. <\/span><\/p>\n","protected":false},"excerpt":{"rendered":"<p>Tradycyjna herbata zielona o intensywnym aromacie<\/p>\n","protected":false},"featured_media":194,"comment_status":"open","ping_status":"closed","template":"","meta":{"_acf_changed":false},"product_brand":[],"product_cat":[25],"product_tag":[],"class_list":{"0":"post-193","1":"product","2":"type-product","3":"status-publish","4":"has-post-thumbnail","6":"product_cat-herbaty-zielone","9":"first","10":"instock","11":"shipping-taxable","12":"product-type-simple"},"acf":[],"_links":{"self":[{"href":"https:\/\/marka.belin.pl\/index.php?rest_route=\/wp\/v2\/product\/193","targetHints":{"allow":["GET"]}}],"collection":[{"href":"https:\/\/marka.belin.pl\/index.php?rest_route=\/wp\/v2\/product"}],"about":[{"href":"https:\/\/marka.belin.pl\/index.php?rest_route=\/wp\/v2\/types\/product"}],"replies":[{"embeddable":true,"href":"https:\/\/marka.belin.pl\/index.php?rest_route=%2Fwp%2Fv2%2Fcomments&post=193"}],"wp:featuredmedia":[{"embeddable":true,"href":"https:\/\/marka.belin.pl\/index.php?rest_route=\/wp\/v2\/media\/194"}],"wp:attachment":[{"href":"https:\/\/marka.belin.pl\/index.php?rest_route=%2Fwp%2Fv2%2Fmedia&parent=193"}],"wp:term":[{"taxonomy":"product_brand","embeddable":true,"href":"https:\/\/marka.belin.pl\/index.php?rest_route=%2Fwp%2Fv2%2Fproduct_brand&post=193"},{"taxonomy":"product_cat","embeddable":true,"href":"https:\/\/marka.belin.pl\/index.php?rest_route=%2Fwp%2Fv2%2Fproduct_cat&post=193"},{"taxonomy":"product_tag","embeddable":true,"href":"https:\/\/marka.belin.pl\/index.php?rest_route=%2Fwp%2Fv2%2Fproduct_tag&post=193"}],"curies":[{"name":"wp","href":"https:\/\/api.w.org\/{rel}","templated":true}]}}