{"id":195,"date":"2016-10-02T19:18:15","date_gmt":"2016-10-02T17:18:15","guid":{"rendered":"http:\/\/belin-marka.jtcsoftware.pl\/?post_type=product&#038;p=195"},"modified":"2017-10-23T13:20:34","modified_gmt":"2017-10-23T11:20:34","slug":"herbata-zielona-o-smaku-trawy-cytrynowej","status":"publish","type":"product","link":"https:\/\/marka.belin.pl\/?product=herbata-zielona-o-smaku-trawy-cytrynowej","title":{"rendered":"Herbata zielona o smaku trawy cytrynowej"},"content":{"rendered":"<p><span data-sheets-value=\"{&quot;1&quot;:2,&quot;2&quot;:&quot;Klasyczny smak zielonej herbaty wzbogacony nut\\u0105 trawy cytrynowej.\\nIntensywny smak zielonej herbaty ma wielu mi\\u0142o\\u015bnik\\u00f3w. Istnieje r\\u00f3wnie\\u017c spora grupa smakoszy herbaty, kt\\u00f3rzy uwa\\u017caj\\u0105, \\u017ce naturalny aromat tej\\u017ce herbaty musi zosta\\u0107 z\\u0142amany dodatkow\\u0105 nut\\u0105. Wychodz\\u0105c naprzeciw zwolennikom intryguj\\u0105cych zawirowa\\u0144 proponujemy zielon\\u0105 herbat\\u0119 z traw\\u0105 cytrynow\\u0105. &quot;}\" data-sheets-userformat=\"{&quot;2&quot;:256,&quot;11&quot;:4}\">Klasyczny smak zielonej herbaty wzbogacony nut\u0105 trawy cytrynowej.<br \/>\nIntensywny aromat\u00a0zielonej herbaty ma wielu mi\u0142o\u015bnik\u00f3w. Istnieje r\u00f3wnie\u017c spora grupa smakoszy herbaty, kt\u00f3rzy uwa\u017caj\u0105, \u017ce naturalny aromat tej\u017ce herbaty musi zosta\u0107 z\u0142amany dodatkow\u0105 nut\u0105. Wychodz\u0105c naprzeciw zwolennikom intryguj\u0105cych zawirowa\u0144 proponujemy zielon\u0105 herbat\u0119 z traw\u0105 cytrynow\u0105. <\/span><\/p>\n","protected":false},"excerpt":{"rendered":"<p>Klasyczny smak zielonej herbaty wzbogacony nut\u0105 trawy cytrynowej<\/p>\n","protected":false},"featured_media":196,"comment_status":"open","ping_status":"closed","template":"","meta":{"_acf_changed":false},"product_brand":[],"product_cat":[25],"product_tag":[],"class_list":{"0":"post-195","1":"product","2":"type-product","3":"status-publish","4":"has-post-thumbnail","6":"product_cat-herbaty-zielone","9":"first","10":"instock","11":"shipping-taxable","12":"product-type-simple"},"acf":[],"_links":{"self":[{"href":"https:\/\/marka.belin.pl\/index.php?rest_route=\/wp\/v2\/product\/195","targetHints":{"allow":["GET"]}}],"collection":[{"href":"https:\/\/marka.belin.pl\/index.php?rest_route=\/wp\/v2\/product"}],"about":[{"href":"https:\/\/marka.belin.pl\/index.php?rest_route=\/wp\/v2\/types\/product"}],"replies":[{"embeddable":true,"href":"https:\/\/marka.belin.pl\/index.php?rest_route=%2Fwp%2Fv2%2Fcomments&post=195"}],"wp:featuredmedia":[{"embeddable":true,"href":"https:\/\/marka.belin.pl\/index.php?rest_route=\/wp\/v2\/media\/196"}],"wp:attachment":[{"href":"https:\/\/marka.belin.pl\/index.php?rest_route=%2Fwp%2Fv2%2Fmedia&parent=195"}],"wp:term":[{"taxonomy":"product_brand","embeddable":true,"href":"https:\/\/marka.belin.pl\/index.php?rest_route=%2Fwp%2Fv2%2Fproduct_brand&post=195"},{"taxonomy":"product_cat","embeddable":true,"href":"https:\/\/marka.belin.pl\/index.php?rest_route=%2Fwp%2Fv2%2Fproduct_cat&post=195"},{"taxonomy":"product_tag","embeddable":true,"href":"https:\/\/marka.belin.pl\/index.php?rest_route=%2Fwp%2Fv2%2Fproduct_tag&post=195"}],"curies":[{"name":"wp","href":"https:\/\/api.w.org\/{rel}","templated":true}]}}