{"id":201,"date":"2016-10-02T19:23:07","date_gmt":"2016-10-02T17:23:07","guid":{"rendered":"http:\/\/belin-marka.jtcsoftware.pl\/?post_type=product&#038;p=201"},"modified":"2017-12-07T14:04:22","modified_gmt":"2017-12-07T13:04:22","slug":"herbata-zielona-o-smaku-owocow-tropikalnych","status":"publish","type":"product","link":"https:\/\/marka.belin.pl\/?product=herbata-zielona-o-smaku-owocow-tropikalnych","title":{"rendered":"Herbata zielona o smaku owoc\u00f3w tropikalnych"},"content":{"rendered":"<p><span data-sheets-value=\"{&quot;1&quot;:2,&quot;2&quot;:&quot;Owocowy zawr\\u00f3t g\\u0142owy w towarzystwie zielonej herbaty\\nBanan? Ananas? Mango? Owoce tropikalne zawr\\u00f3ci\\u0142y w g\\u0142owie zielonej herbacie. Razem tworz\\u0105 osza\\u0142amiaj\\u0105ce po\\u0142\\u0105czenie. Mocna, owocowa wo\\u0144 oraz intensywny smak zielonej herbaty zaskocz\\u0105 niejednego wielbiciela herbaty. Mocny napar z zielonej herbaty o smaku tropikalnych owoc\\u00f3w i sa\\u0142atka stanowi\\u0105 \\u015bwietny duet na lunch. &quot;}\" data-sheets-userformat=\"{&quot;2&quot;:256,&quot;11&quot;:4}\">Banan? Ananas? Mango? Owoce tropikalne zawr\u00f3ci\u0142y w g\u0142owie zielonej herbacie. <\/span><\/p>\n<p><span data-sheets-value=\"{&quot;1&quot;:2,&quot;2&quot;:&quot;Owocowy zawr\\u00f3t g\\u0142owy w towarzystwie zielonej herbaty\\nBanan? Ananas? Mango? Owoce tropikalne zawr\\u00f3ci\\u0142y w g\\u0142owie zielonej herbacie. Razem tworz\\u0105 osza\\u0142amiaj\\u0105ce po\\u0142\\u0105czenie. Mocna, owocowa wo\\u0144 oraz intensywny smak zielonej herbaty zaskocz\\u0105 niejednego wielbiciela herbaty. Mocny napar z zielonej herbaty o smaku tropikalnych owoc\\u00f3w i sa\\u0142atka stanowi\\u0105 \\u015bwietny duet na lunch. &quot;}\" data-sheets-userformat=\"{&quot;2&quot;:256,&quot;11&quot;:4}\">Razem tworz\u0105 osza\u0142amiaj\u0105ce po\u0142\u0105czenie. Mocna, owocowa wo\u0144 oraz intensywny smak zielonej herbaty zaskocz\u0105 niejednego wielbiciela herbaty. Mocny napar z zielonej herbaty o smaku tropikalnych owoc\u00f3w i sa\u0142atka stanowi\u0105 \u015bwietny duet na lunch. <\/span><\/p>\n","protected":false},"excerpt":{"rendered":"<p>Owocowy zawr\u00f3t g\u0142owy w towarzystwie zielonej herbaty<\/p>\n","protected":false},"featured_media":1015,"comment_status":"open","ping_status":"closed","template":"","meta":{"_acf_changed":false},"product_brand":[],"product_cat":[25],"product_tag":[],"class_list":{"0":"post-201","1":"product","2":"type-product","3":"status-publish","4":"has-post-thumbnail","6":"product_cat-herbaty-zielone","9":"first","10":"instock","11":"shipping-taxable","12":"product-type-simple"},"acf":[],"_links":{"self":[{"href":"https:\/\/marka.belin.pl\/index.php?rest_route=\/wp\/v2\/product\/201","targetHints":{"allow":["GET"]}}],"collection":[{"href":"https:\/\/marka.belin.pl\/index.php?rest_route=\/wp\/v2\/product"}],"about":[{"href":"https:\/\/marka.belin.pl\/index.php?rest_route=\/wp\/v2\/types\/product"}],"replies":[{"embeddable":true,"href":"https:\/\/marka.belin.pl\/index.php?rest_route=%2Fwp%2Fv2%2Fcomments&post=201"}],"wp:featuredmedia":[{"embeddable":true,"href":"https:\/\/marka.belin.pl\/index.php?rest_route=\/wp\/v2\/media\/1015"}],"wp:attachment":[{"href":"https:\/\/marka.belin.pl\/index.php?rest_route=%2Fwp%2Fv2%2Fmedia&parent=201"}],"wp:term":[{"taxonomy":"product_brand","embeddable":true,"href":"https:\/\/marka.belin.pl\/index.php?rest_route=%2Fwp%2Fv2%2Fproduct_brand&post=201"},{"taxonomy":"product_cat","embeddable":true,"href":"https:\/\/marka.belin.pl\/index.php?rest_route=%2Fwp%2Fv2%2Fproduct_cat&post=201"},{"taxonomy":"product_tag","embeddable":true,"href":"https:\/\/marka.belin.pl\/index.php?rest_route=%2Fwp%2Fv2%2Fproduct_tag&post=201"}],"curies":[{"name":"wp","href":"https:\/\/api.w.org\/{rel}","templated":true}]}}