{"id":203,"date":"2016-10-02T19:29:55","date_gmt":"2016-10-02T17:29:55","guid":{"rendered":"http:\/\/belin-marka.jtcsoftware.pl\/?post_type=product&#038;p=203"},"modified":"2017-01-28T14:06:25","modified_gmt":"2017-01-28T13:06:25","slug":"herbata-zielona-o-smaku-cytrynowym","status":"publish","type":"product","link":"https:\/\/marka.belin.pl\/?product=herbata-zielona-o-smaku-cytrynowym","title":{"rendered":"Herbata zielona o smaku cytrynowym"},"content":{"rendered":"<p><span data-sheets-value=\"{&quot;1&quot;:2,&quot;2&quot;:&quot;Ponadczasowy przeb\\u00f3j cytrynowo-zielony!\\nPopularne i rozchwytywane po\\u0142\\u0105czenie dw\\u00f3ch orze\\u017awiaj\\u0105cych smak\\u00f3w \\u2013 zielonej herbaty i s\\u0142onecznie \\u017c\\u00f3\\u0142tej cytryny. Inspiruje smakiem i zachwyca \\u0142agodnym aromatem. Orze\\u017awiaj\\u0105cy smak egzotycznej cytryny inspiruje i pobudza do dzia\\u0142ania, a w\\u0142a\\u015bciwo\\u015bci zielonej herbaty pomog\\u0105 upora\\u0107 si\\u0119 z zm\\u0119czeniem po ca\\u0142ym dniu pracy.&quot;}\" data-sheets-userformat=\"{&quot;2&quot;:258,&quot;4&quot;:{&quot;1&quot;:2,&quot;2&quot;:15843890},&quot;11&quot;:4}\">Ponadczasowy przeb\u00f3j cytrynowo-zielony!<br \/>\nPopularne i rozchwytywane po\u0142\u0105czenie dw\u00f3ch orze\u017awiaj\u0105cych smak\u00f3w \u2013 zielonej herbaty i s\u0142onecznie \u017c\u00f3\u0142tej cytryny. Inspiruje smakiem i zachwyca \u0142agodnym aromatem. Orze\u017awiaj\u0105cy smak egzotycznej cytryny inspiruje i pobudza do dzia\u0142ania, a w\u0142a\u015bciwo\u015bci zielonej herbaty pomog\u0105 upora\u0107 si\u0119 z zm\u0119czeniem po ca\u0142ym dniu pracy.<\/span><\/p>\n","protected":false},"excerpt":{"rendered":"<p>Ponadczasowy przeb\u00f3j cytrynowo-zielony!<\/p>\n","protected":false},"featured_media":501,"comment_status":"open","ping_status":"closed","template":"","meta":{"_acf_changed":false},"product_brand":[],"product_cat":[25],"product_tag":[],"class_list":{"0":"post-203","1":"product","2":"type-product","3":"status-publish","4":"has-post-thumbnail","6":"product_cat-herbaty-zielone","9":"first","10":"instock","11":"shipping-taxable","12":"product-type-simple"},"acf":[],"_links":{"self":[{"href":"https:\/\/marka.belin.pl\/index.php?rest_route=\/wp\/v2\/product\/203","targetHints":{"allow":["GET"]}}],"collection":[{"href":"https:\/\/marka.belin.pl\/index.php?rest_route=\/wp\/v2\/product"}],"about":[{"href":"https:\/\/marka.belin.pl\/index.php?rest_route=\/wp\/v2\/types\/product"}],"replies":[{"embeddable":true,"href":"https:\/\/marka.belin.pl\/index.php?rest_route=%2Fwp%2Fv2%2Fcomments&post=203"}],"wp:featuredmedia":[{"embeddable":true,"href":"https:\/\/marka.belin.pl\/index.php?rest_route=\/wp\/v2\/media\/501"}],"wp:attachment":[{"href":"https:\/\/marka.belin.pl\/index.php?rest_route=%2Fwp%2Fv2%2Fmedia&parent=203"}],"wp:term":[{"taxonomy":"product_brand","embeddable":true,"href":"https:\/\/marka.belin.pl\/index.php?rest_route=%2Fwp%2Fv2%2Fproduct_brand&post=203"},{"taxonomy":"product_cat","embeddable":true,"href":"https:\/\/marka.belin.pl\/index.php?rest_route=%2Fwp%2Fv2%2Fproduct_cat&post=203"},{"taxonomy":"product_tag","embeddable":true,"href":"https:\/\/marka.belin.pl\/index.php?rest_route=%2Fwp%2Fv2%2Fproduct_tag&post=203"}],"curies":[{"name":"wp","href":"https:\/\/api.w.org\/{rel}","templated":true}]}}