{"id":211,"date":"2016-10-02T19:46:25","date_gmt":"2016-10-02T17:46:25","guid":{"rendered":"http:\/\/belin-marka.jtcsoftware.pl\/?post_type=product&#038;p=211"},"modified":"2017-09-17T18:32:57","modified_gmt":"2017-09-17T16:32:57","slug":"herbatka-ziolowa-dobre-trawienie","status":"publish","type":"product","link":"https:\/\/marka.belin.pl\/?product=herbatka-ziolowa-dobre-trawienie","title":{"rendered":"Herbatka zio\u0142owa Dobre Trawienie"},"content":{"rendered":"<p><span data-sheets-value=\"{&quot;1&quot;:2,&quot;2&quot;:&quot;Herbatka Dobre Trawienie to aromatyczna kompozycja zi\\u00f3\\u0142 i owoc\\u00f3w, kt\\u00f3re wspomagaj\\u0105 prac\\u0119 uk\\u0142adu pokarmowego. Spo\\u017cywana systematycznie sprawi, \\u017ce szybko zapomnisz o przykrych dolegliwo\\u015bciach nawet po obfitym posi\\u0142ku. &quot;}\" data-sheets-userformat=\"{&quot;2&quot;:256,&quot;11&quot;:4}\">Herbatka Dobre Trawienie to aromatyczna kompozycja zi\u00f3\u0142 i owoc\u00f3w, kt\u00f3re wspomagaj\u0105 prac\u0119 uk\u0142adu pokarmowego. Spo\u017cywana systematycznie sprawi, \u017ce szybko zapomnisz o przykrych dolegliwo\u015bciach nawet po obfitym posi\u0142ku. <\/span><\/p>\n","protected":false},"excerpt":{"rendered":"<p>Herbatka Dobre Trawienie to aromatyczna kompozycja zi\u00f3\u0142 i owoc\u00f3w, kt\u00f3re wspomagaj\u0105 prac\u0119 uk\u0142adu pokarmowego<\/p>\n","protected":false},"featured_media":948,"comment_status":"open","ping_status":"closed","template":"","meta":{"_acf_changed":false},"product_brand":[],"product_cat":[27],"product_tag":[],"class_list":{"0":"post-211","1":"product","2":"type-product","3":"status-publish","4":"has-post-thumbnail","6":"product_cat-suplementy-diety","9":"first","10":"instock","11":"shipping-taxable","12":"product-type-simple"},"acf":[],"_links":{"self":[{"href":"https:\/\/marka.belin.pl\/index.php?rest_route=\/wp\/v2\/product\/211","targetHints":{"allow":["GET"]}}],"collection":[{"href":"https:\/\/marka.belin.pl\/index.php?rest_route=\/wp\/v2\/product"}],"about":[{"href":"https:\/\/marka.belin.pl\/index.php?rest_route=\/wp\/v2\/types\/product"}],"replies":[{"embeddable":true,"href":"https:\/\/marka.belin.pl\/index.php?rest_route=%2Fwp%2Fv2%2Fcomments&post=211"}],"wp:featuredmedia":[{"embeddable":true,"href":"https:\/\/marka.belin.pl\/index.php?rest_route=\/wp\/v2\/media\/948"}],"wp:attachment":[{"href":"https:\/\/marka.belin.pl\/index.php?rest_route=%2Fwp%2Fv2%2Fmedia&parent=211"}],"wp:term":[{"taxonomy":"product_brand","embeddable":true,"href":"https:\/\/marka.belin.pl\/index.php?rest_route=%2Fwp%2Fv2%2Fproduct_brand&post=211"},{"taxonomy":"product_cat","embeddable":true,"href":"https:\/\/marka.belin.pl\/index.php?rest_route=%2Fwp%2Fv2%2Fproduct_cat&post=211"},{"taxonomy":"product_tag","embeddable":true,"href":"https:\/\/marka.belin.pl\/index.php?rest_route=%2Fwp%2Fv2%2Fproduct_tag&post=211"}],"curies":[{"name":"wp","href":"https:\/\/api.w.org\/{rel}","templated":true}]}}