{"id":215,"date":"2016-10-02T20:04:07","date_gmt":"2016-10-02T18:04:07","guid":{"rendered":"http:\/\/belin-marka.jtcsoftware.pl\/?post_type=product&#038;p=215"},"modified":"2017-09-17T20:10:16","modified_gmt":"2017-09-17T18:10:16","slug":"herbatka-ziolowo-owocowa-vialinia","status":"publish","type":"product","link":"https:\/\/marka.belin.pl\/?product=herbatka-ziolowo-owocowa-vialinia","title":{"rendered":"Herbatka zio\u0142owo-owocowa Vialinia"},"content":{"rendered":"<p><span data-sheets-value=\"{&quot;1&quot;:2,&quot;2&quot;:&quot;Dla tych, kt\\u00f3rzy dbaj\\u0105 o kondycj\\u0119 fizyczn\\u0105 i szczup\\u0142\\u0105 sylwetk\\u0119 opracowali\\u015bmy kompozycj\\u0119 zielonej herbaty, odpowiednio dobranych zi\\u00f3\\u0142 oraz przepysznych owoc\\u00f3w. Uzupe\\u0142niona o L-karnityn\\u0119 herbatka Vialinia przy stosowaniu zbilansowanej diety oraz prowadzeniu aktywnego trybu \\u017cycia skutecznie pomo\\u017ce pozby\\u0107 si\\u0119 zb\\u0119dnych kilogram\\u00f3w.&quot;}\" data-sheets-userformat=\"{&quot;2&quot;:256,&quot;11&quot;:4}\">Dla tych, kt\u00f3rzy dbaj\u0105 o kondycj\u0119 fizyczn\u0105 i szczup\u0142\u0105 sylwetk\u0119 opracowali\u015bmy kompozycj\u0119 zielonej herbaty, odpowiednio dobranych zi\u00f3\u0142 oraz przepysznych owoc\u00f3w. Uzupe\u0142niona o L-karnityn\u0119 herbatka Vialinia przy stosowaniu zbilansowanej diety oraz prowadzeniu aktywnego trybu \u017cycia skutecznie pomo\u017ce pozby\u0107 si\u0119 zb\u0119dnych kilogram\u00f3w.<\/span><\/p>\n","protected":false},"excerpt":{"rendered":"<p>Dla tych, kt\u00f3rzy dbaj\u0105 o kondycj\u0119 fizyczn\u0105 i szczup\u0142\u0105 sylwetk\u0119<\/p>\n","protected":false},"featured_media":952,"comment_status":"open","ping_status":"closed","template":"","meta":{"_acf_changed":false},"product_brand":[],"product_cat":[27],"product_tag":[],"class_list":{"0":"post-215","1":"product","2":"type-product","3":"status-publish","4":"has-post-thumbnail","6":"product_cat-suplementy-diety","9":"first","10":"instock","11":"shipping-taxable","12":"product-type-simple"},"acf":[],"_links":{"self":[{"href":"https:\/\/marka.belin.pl\/index.php?rest_route=\/wp\/v2\/product\/215","targetHints":{"allow":["GET"]}}],"collection":[{"href":"https:\/\/marka.belin.pl\/index.php?rest_route=\/wp\/v2\/product"}],"about":[{"href":"https:\/\/marka.belin.pl\/index.php?rest_route=\/wp\/v2\/types\/product"}],"replies":[{"embeddable":true,"href":"https:\/\/marka.belin.pl\/index.php?rest_route=%2Fwp%2Fv2%2Fcomments&post=215"}],"wp:featuredmedia":[{"embeddable":true,"href":"https:\/\/marka.belin.pl\/index.php?rest_route=\/wp\/v2\/media\/952"}],"wp:attachment":[{"href":"https:\/\/marka.belin.pl\/index.php?rest_route=%2Fwp%2Fv2%2Fmedia&parent=215"}],"wp:term":[{"taxonomy":"product_brand","embeddable":true,"href":"https:\/\/marka.belin.pl\/index.php?rest_route=%2Fwp%2Fv2%2Fproduct_brand&post=215"},{"taxonomy":"product_cat","embeddable":true,"href":"https:\/\/marka.belin.pl\/index.php?rest_route=%2Fwp%2Fv2%2Fproduct_cat&post=215"},{"taxonomy":"product_tag","embeddable":true,"href":"https:\/\/marka.belin.pl\/index.php?rest_route=%2Fwp%2Fv2%2Fproduct_tag&post=215"}],"curies":[{"name":"wp","href":"https:\/\/api.w.org\/{rel}","templated":true}]}}