{"id":220,"date":"2016-10-02T20:11:16","date_gmt":"2016-10-02T18:11:16","guid":{"rendered":"http:\/\/belin-marka.jtcsoftware.pl\/?post_type=product&#038;p=220"},"modified":"2017-10-23T13:56:16","modified_gmt":"2017-10-23T11:56:16","slug":"herbata-czarna-indyjska-2","status":"publish","type":"product","link":"https:\/\/marka.belin.pl\/?product=herbata-czarna-indyjska-2","title":{"rendered":"Herbata czarna indyjska"},"content":{"rendered":"<p><span data-sheets-value=\"{&quot;1&quot;:2,&quot;2&quot;:&quot;Klasyczna, czarna herbata \\u2013 prosto z orientalnych Indii\\nPakowana w ekonomiczne pude\\u0142ka. W ka\\u017cdym pude\\u0142ku ukrytych jest a\\u017c sto torebek najlepszej, indyjskiej czarnej herbaty. Jej wyj\\u0105tkowy smak idealnie harmonizuje ze \\u015bniadaniem o poranku, lunchem jedzonym w samo po\\u0142udnie oraz nie\\u015bpiesznie degustowanym s\\u0142odkim podwieczorkiem. Pojemne opakowanie sprawi, \\u017ce b\\u0119dziesz m\\u00f3g\\u0142 cieszy\\u0107 si\\u0119 jej obecno\\u015bci\\u0105 przez wiele dni. Mo\\u017ce warto spr\\u00f3bowa\\u0107 urozmai\\u0107 sw\\u00f3j \\u015bwiat dodaj\\u0105c do naszej herbaty ulubione przysmaki? Najlepiej co dzie\\u0144 inne, aby\\u015b zawsze m\\u00f3g\\u0142 odkrywa\\u0107 jej walory na nowo.&quot;}\" data-sheets-userformat=\"{&quot;2&quot;:256,&quot;11&quot;:4}\">Pakowana w ekonomiczne pude\u0142ka. W ka\u017cdym pude\u0142ku ukrytych jest a\u017c sto torebek najlepszej, indyjskiej czarnej herbaty. Jej wyj\u0105tkowy smak idealnie harmonizuje ze \u015bniadaniem o poranku, lunchem jedzonym w samo po\u0142udnie oraz nie\u015bpiesznie degustowanym s\u0142odkim podwieczorkiem. Pojemne opakowanie sprawi, \u017ce b\u0119dziesz m\u00f3g\u0142 cieszy\u0107 si\u0119 jej obecno\u015bci\u0105 przez wiele dni. Mo\u017ce warto spr\u00f3bowa\u0107 urozmai\u0107 sw\u00f3j \u015bwiat dodaj\u0105c do naszej herbaty ulubione przysmaki? Najlepiej co dzie\u0144 inne, aby\u015b zawsze m\u00f3g\u0142 odkrywa\u0107 jej walory na nowo.<\/span><\/p>\n","protected":false},"excerpt":{"rendered":"<p>Klasyczna, czarna herbata \u2013 prosto z orientalnych Indii<\/p>\n","protected":false},"featured_media":221,"comment_status":"open","ping_status":"closed","template":"","meta":{"_acf_changed":false},"product_brand":[],"product_cat":[28],"product_tag":[],"class_list":{"0":"post-220","1":"product","2":"type-product","3":"status-publish","4":"has-post-thumbnail","6":"product_cat-herbaty-w-opakowaniach-ekonomicznych","9":"first","10":"instock","11":"shipping-taxable","12":"product-type-simple"},"acf":[],"_links":{"self":[{"href":"https:\/\/marka.belin.pl\/index.php?rest_route=\/wp\/v2\/product\/220","targetHints":{"allow":["GET"]}}],"collection":[{"href":"https:\/\/marka.belin.pl\/index.php?rest_route=\/wp\/v2\/product"}],"about":[{"href":"https:\/\/marka.belin.pl\/index.php?rest_route=\/wp\/v2\/types\/product"}],"replies":[{"embeddable":true,"href":"https:\/\/marka.belin.pl\/index.php?rest_route=%2Fwp%2Fv2%2Fcomments&post=220"}],"wp:featuredmedia":[{"embeddable":true,"href":"https:\/\/marka.belin.pl\/index.php?rest_route=\/wp\/v2\/media\/221"}],"wp:attachment":[{"href":"https:\/\/marka.belin.pl\/index.php?rest_route=%2Fwp%2Fv2%2Fmedia&parent=220"}],"wp:term":[{"taxonomy":"product_brand","embeddable":true,"href":"https:\/\/marka.belin.pl\/index.php?rest_route=%2Fwp%2Fv2%2Fproduct_brand&post=220"},{"taxonomy":"product_cat","embeddable":true,"href":"https:\/\/marka.belin.pl\/index.php?rest_route=%2Fwp%2Fv2%2Fproduct_cat&post=220"},{"taxonomy":"product_tag","embeddable":true,"href":"https:\/\/marka.belin.pl\/index.php?rest_route=%2Fwp%2Fv2%2Fproduct_tag&post=220"}],"curies":[{"name":"wp","href":"https:\/\/api.w.org\/{rel}","templated":true}]}}