{"id":224,"date":"2016-10-02T20:17:33","date_gmt":"2016-10-02T18:17:33","guid":{"rendered":"http:\/\/belin-marka.jtcsoftware.pl\/?post_type=product&#038;p=224"},"modified":"2017-09-08T16:30:50","modified_gmt":"2017-09-08T14:30:50","slug":"ziolowy-ogrod-zdrowia-chia","status":"publish","type":"product","link":"https:\/\/marka.belin.pl\/?product=ziolowy-ogrod-zdrowia-chia","title":{"rendered":"Zio\u0142owy Ogr\u00f3d Zdrowia Chia"},"content":{"rendered":"<p><span data-sheets-value=\"{&quot;1&quot;:2,&quot;2&quot;:&quot;Zio\\u0142owy OGR\\u00d3D ZDROWIA to nie tylko herbatki, ale i ziarna chia czy czarnuszki, kt\\u00f3re mo\\u017cna doda\\u0107 do m\\u00fcsli, jogurtu, sa\\u0142atek lub wypiek\\u00f3w. Chia znana jest tak\\u017ce pod nazw\\u0105 sza\\u0142wia hiszpa\\u0144ska. Jej w\\u0142a\\u015bciwo\\u015bci wspomagaj\\u0105 prac\\u0119 m\\u00f3zgu oraz uk\\u0142adu nerwowego. &quot;}\" data-sheets-userformat=\"{&quot;2&quot;:257,&quot;3&quot;:{&quot;1&quot;:0},&quot;11&quot;:4}\">Zio\u0142owy OGR\u00d3D ZDROWIA to nie tylko herbatki, ale i ziarna chia czy czarnuszki, kt\u00f3re mo\u017cna doda\u0107 do m\u00fcsli, jogurtu, sa\u0142atek lub wypiek\u00f3w. Chia znana jest tak\u017ce pod nazw\u0105 sza\u0142wia hiszpa\u0144ska. Jej w\u0142a\u015bciwo\u015bci wspomagaj\u0105 prac\u0119 m\u00f3zgu oraz uk\u0142adu nerwowego. <\/span><\/p>\n<p><span style=\"color: #ff0000;\"><strong>Spo\u017cywa\u0107 nie wi\u0119cej ni\u017c 15 g dziennie.<\/strong><\/span><\/p>\n","protected":false},"excerpt":{"rendered":"<p>Chia znana jest tak\u017ce pod nazw\u0105 sza\u0142wia hiszpa\u0144ska. Jej w\u0142a\u015bciwo\u015bci wspomagaj\u0105 prac\u0119 m\u00f3zgu oraz uk\u0142adu nerwowego<\/p>\n","protected":false},"featured_media":883,"comment_status":"open","ping_status":"closed","template":"","meta":{"_acf_changed":false},"product_brand":[],"product_cat":[29],"product_tag":[],"class_list":{"0":"post-224","1":"product","2":"type-product","3":"status-publish","4":"has-post-thumbnail","6":"product_cat-ziolowy-ogrod-zdrowia","9":"first","10":"instock","11":"shipping-taxable","12":"product-type-simple"},"acf":[],"_links":{"self":[{"href":"https:\/\/marka.belin.pl\/index.php?rest_route=\/wp\/v2\/product\/224","targetHints":{"allow":["GET"]}}],"collection":[{"href":"https:\/\/marka.belin.pl\/index.php?rest_route=\/wp\/v2\/product"}],"about":[{"href":"https:\/\/marka.belin.pl\/index.php?rest_route=\/wp\/v2\/types\/product"}],"replies":[{"embeddable":true,"href":"https:\/\/marka.belin.pl\/index.php?rest_route=%2Fwp%2Fv2%2Fcomments&post=224"}],"wp:featuredmedia":[{"embeddable":true,"href":"https:\/\/marka.belin.pl\/index.php?rest_route=\/wp\/v2\/media\/883"}],"wp:attachment":[{"href":"https:\/\/marka.belin.pl\/index.php?rest_route=%2Fwp%2Fv2%2Fmedia&parent=224"}],"wp:term":[{"taxonomy":"product_brand","embeddable":true,"href":"https:\/\/marka.belin.pl\/index.php?rest_route=%2Fwp%2Fv2%2Fproduct_brand&post=224"},{"taxonomy":"product_cat","embeddable":true,"href":"https:\/\/marka.belin.pl\/index.php?rest_route=%2Fwp%2Fv2%2Fproduct_cat&post=224"},{"taxonomy":"product_tag","embeddable":true,"href":"https:\/\/marka.belin.pl\/index.php?rest_route=%2Fwp%2Fv2%2Fproduct_tag&post=224"}],"curies":[{"name":"wp","href":"https:\/\/api.w.org\/{rel}","templated":true}]}}