{"id":228,"date":"2016-10-02T20:21:38","date_gmt":"2016-10-02T18:21:38","guid":{"rendered":"http:\/\/belin-marka.jtcsoftware.pl\/?post_type=product&#038;p=228"},"modified":"2017-09-08T16:28:45","modified_gmt":"2017-09-08T14:28:45","slug":"ziolowy-ogrod-zdrowia-ostropest","status":"publish","type":"product","link":"https:\/\/marka.belin.pl\/?product=ziolowy-ogrod-zdrowia-ostropest","title":{"rendered":"Zio\u0142owy Ogr\u00f3d Zdrowia Ostropest"},"content":{"rendered":"<p><span data-sheets-value=\"{&quot;1&quot;:2,&quot;2&quot;:&quot;Jako przypraw\\u0119 do kanapek czy mi\\u0119s warto stosowa\\u0107 tak\\u017ce zmielone nasiona ostropestu, kt\\u00f3re wspieraj\\u0105 mi\\u0119dzy innymi prac\\u0119 w\\u0105troby i \\u017co\\u0142\\u0105dka.  &quot;}\" data-sheets-userformat=\"{&quot;2&quot;:257,&quot;3&quot;:{&quot;1&quot;:0},&quot;11&quot;:4}\">Jako przypraw\u0119 do kanapek czy mi\u0119s warto stosowa\u0107 tak\u017ce zmielone nasiona ostropestu, kt\u00f3re wspieraj\u0105 mi\u0119dzy innymi prac\u0119 w\u0105troby i \u017co\u0142\u0105dka. <\/span><\/p>\n","protected":false},"excerpt":{"rendered":"<p>Jako przypraw\u0119 do kanapek czy mi\u0119s warto stosowa\u0107 tak\u017ce zmielone nasiona ostropestu, kt\u00f3re wspieraj\u0105 mi\u0119dzy innymi prac\u0119 w\u0105troby i \u017co\u0142\u0105dka.<\/p>\n","protected":false},"featured_media":879,"comment_status":"open","ping_status":"closed","template":"","meta":{"_acf_changed":false},"product_brand":[],"product_cat":[29],"product_tag":[],"class_list":{"0":"post-228","1":"product","2":"type-product","3":"status-publish","4":"has-post-thumbnail","6":"product_cat-ziolowy-ogrod-zdrowia","9":"first","10":"instock","11":"shipping-taxable","12":"product-type-simple"},"acf":[],"_links":{"self":[{"href":"https:\/\/marka.belin.pl\/index.php?rest_route=\/wp\/v2\/product\/228","targetHints":{"allow":["GET"]}}],"collection":[{"href":"https:\/\/marka.belin.pl\/index.php?rest_route=\/wp\/v2\/product"}],"about":[{"href":"https:\/\/marka.belin.pl\/index.php?rest_route=\/wp\/v2\/types\/product"}],"replies":[{"embeddable":true,"href":"https:\/\/marka.belin.pl\/index.php?rest_route=%2Fwp%2Fv2%2Fcomments&post=228"}],"wp:featuredmedia":[{"embeddable":true,"href":"https:\/\/marka.belin.pl\/index.php?rest_route=\/wp\/v2\/media\/879"}],"wp:attachment":[{"href":"https:\/\/marka.belin.pl\/index.php?rest_route=%2Fwp%2Fv2%2Fmedia&parent=228"}],"wp:term":[{"taxonomy":"product_brand","embeddable":true,"href":"https:\/\/marka.belin.pl\/index.php?rest_route=%2Fwp%2Fv2%2Fproduct_brand&post=228"},{"taxonomy":"product_cat","embeddable":true,"href":"https:\/\/marka.belin.pl\/index.php?rest_route=%2Fwp%2Fv2%2Fproduct_cat&post=228"},{"taxonomy":"product_tag","embeddable":true,"href":"https:\/\/marka.belin.pl\/index.php?rest_route=%2Fwp%2Fv2%2Fproduct_tag&post=228"}],"curies":[{"name":"wp","href":"https:\/\/api.w.org\/{rel}","templated":true}]}}