{"id":234,"date":"2016-10-02T20:27:51","date_gmt":"2016-10-02T18:27:51","guid":{"rendered":"http:\/\/belin-marka.jtcsoftware.pl\/?post_type=product&#038;p=234"},"modified":"2017-09-08T16:25:14","modified_gmt":"2017-09-08T14:25:14","slug":"ziolowy-ogrod-zdrowia-na-uspokojenie","status":"publish","type":"product","link":"https:\/\/marka.belin.pl\/?product=ziolowy-ogrod-zdrowia-na-uspokojenie","title":{"rendered":"Zio\u0142owy Ogr\u00f3d Zdrowia na uspokojenie"},"content":{"rendered":"<p><span data-sheets-value=\"{&quot;1&quot;:2,&quot;2&quot;:&quot;Po ci\\u0119\\u017ckim i stresuj\\u0105cym dniu nic nie jest bardziej warto\\u015bciowe dla organizmu ni\\u017c spokojny sen. Istniej\\u0105 zio\\u0142a, kt\\u00f3re pomagaj\\u0105 organizmowi wyciszy\\u0107 si\\u0119 i koj\\u0105 sko\\u0142atane nerwy, u\\u0142atwiaj\\u0105c tym samym zasypianie. Nale\\u017c\\u0105 do nich mi\\u0119dzy innymi melisa, chmiel i g\\u0142\\u00f3g. Ich aromat doskonale komponuje si\\u0119 ze s\\u0142odkim smakiem jab\\u0142ek, kt\\u00f3re, podobnie jak rokitnik, s\\u0105 cennym \\u017ar\\u00f3d\\u0142em witaminy C. Te wszystkie sk\\u0142adniki zamkn\\u0119li\\u015bmy w jednym opakowaniu herbatki NA USPOKOJENIE I DOBRY SEN z my\\u015bl\\u0105 o wszystkich tych, kt\\u00f3rzy wreszcie chcieliby poczu\\u0107 si\\u0119 spokojni i wypocz\\u0119ci. W\\u015br\\u00f3d naszych produkt\\u00f3w dost\\u0119pna jest tak\\u017ce tradycyjna herbatka zio\\u0142owa z melisy.&quot;}\" data-sheets-userformat=\"{&quot;2&quot;:257,&quot;3&quot;:{&quot;1&quot;:0},&quot;11&quot;:4}\">Po ci\u0119\u017ckim i stresuj\u0105cym dniu nic nie jest bardziej warto\u015bciowe dla organizmu ni\u017c spokojny sen. Istniej\u0105 zio\u0142a, kt\u00f3re pomagaj\u0105 organizmowi wyciszy\u0107 si\u0119 i koj\u0105 sko\u0142atane nerwy, u\u0142atwiaj\u0105c tym samym zasypianie. Nale\u017c\u0105 do nich mi\u0119dzy innymi melisa, chmiel i g\u0142\u00f3g. Ich aromat doskonale komponuje si\u0119 ze s\u0142odkim smakiem jab\u0142ek, kt\u00f3re, podobnie jak rokitnik, s\u0105 cennym \u017ar\u00f3d\u0142em witaminy C. Te wszystkie sk\u0142adniki zamkn\u0119li\u015bmy w jednym opakowaniu herbatki NA USPOKOJENIE I DOBRY SEN z my\u015bl\u0105 o wszystkich tych, kt\u00f3rzy wreszcie chcieliby poczu\u0107 si\u0119 spokojni i wypocz\u0119ci. W\u015br\u00f3d naszych produkt\u00f3w dost\u0119pna jest tak\u017ce tradycyjna herbatka zio\u0142owa z melisy.<\/span><\/p>\n","protected":false},"excerpt":{"rendered":"<p>NA USPOKOJENIE I DOBRY SEN z my\u015bl\u0105 o wszystkich tych, kt\u00f3rzy wreszcie chcieliby poczu\u0107 si\u0119 spokojni i wypocz\u0119ci<\/p>\n","protected":false},"featured_media":873,"comment_status":"open","ping_status":"closed","template":"","meta":{"_acf_changed":false},"product_brand":[],"product_cat":[29],"product_tag":[],"class_list":{"0":"post-234","1":"product","2":"type-product","3":"status-publish","4":"has-post-thumbnail","6":"product_cat-ziolowy-ogrod-zdrowia","9":"first","10":"instock","11":"shipping-taxable","12":"product-type-simple"},"acf":[],"_links":{"self":[{"href":"https:\/\/marka.belin.pl\/index.php?rest_route=\/wp\/v2\/product\/234","targetHints":{"allow":["GET"]}}],"collection":[{"href":"https:\/\/marka.belin.pl\/index.php?rest_route=\/wp\/v2\/product"}],"about":[{"href":"https:\/\/marka.belin.pl\/index.php?rest_route=\/wp\/v2\/types\/product"}],"replies":[{"embeddable":true,"href":"https:\/\/marka.belin.pl\/index.php?rest_route=%2Fwp%2Fv2%2Fcomments&post=234"}],"wp:featuredmedia":[{"embeddable":true,"href":"https:\/\/marka.belin.pl\/index.php?rest_route=\/wp\/v2\/media\/873"}],"wp:attachment":[{"href":"https:\/\/marka.belin.pl\/index.php?rest_route=%2Fwp%2Fv2%2Fmedia&parent=234"}],"wp:term":[{"taxonomy":"product_brand","embeddable":true,"href":"https:\/\/marka.belin.pl\/index.php?rest_route=%2Fwp%2Fv2%2Fproduct_brand&post=234"},{"taxonomy":"product_cat","embeddable":true,"href":"https:\/\/marka.belin.pl\/index.php?rest_route=%2Fwp%2Fv2%2Fproduct_cat&post=234"},{"taxonomy":"product_tag","embeddable":true,"href":"https:\/\/marka.belin.pl\/index.php?rest_route=%2Fwp%2Fv2%2Fproduct_tag&post=234"}],"curies":[{"name":"wp","href":"https:\/\/api.w.org\/{rel}","templated":true}]}}