{"id":61,"date":"2016-10-01T18:55:14","date_gmt":"2016-10-01T16:55:14","guid":{"rendered":"http:\/\/belin-marka.jtcsoftware.pl\/?post_type=product&#038;p=61"},"modified":"2019-02-10T10:08:44","modified_gmt":"2019-02-10T09:08:44","slug":"herbatka-owocowa-o-smaku-owocow-lesnych","status":"publish","type":"product","link":"https:\/\/marka.belin.pl\/?product=herbatka-owocowa-o-smaku-owocow-lesnych","title":{"rendered":"Herbatka owocowa o smaku owoc\u00f3w le\u015bnych"},"content":{"rendered":"<p>Ta niezwyk\u0142a mieszanka smak\u00f3w idealnie r\u00f3wnowa\u017cy owocow\u0105 s\u0142odycz maliny z g\u0142\u0119bi\u0105 delikatnie kwa\u015bnej le\u015bnej jagody. Wystarczy tylko kilka minut, aby uda\u0107 si\u0119 w podr\u00f3\u017c w g\u0142\u0105b dzikiego lasu, nie opuszczaj\u0105c swoich czterech \u015bcian.<\/p>\n","protected":false},"excerpt":{"rendered":"<p>Niezwyk\u0142a mieszanka smak\u00f3w<\/p>\n","protected":false},"featured_media":1701,"comment_status":"open","ping_status":"closed","template":"","meta":{"_acf_changed":false},"product_brand":[],"product_cat":[9],"product_tag":[],"class_list":{"0":"post-61","1":"product","2":"type-product","3":"status-publish","4":"has-post-thumbnail","6":"product_cat-herbaty-ekspresowe-premium-dwukomorowe","9":"first","10":"instock","11":"shipping-taxable","12":"product-type-simple"},"acf":[],"_links":{"self":[{"href":"https:\/\/marka.belin.pl\/index.php?rest_route=\/wp\/v2\/product\/61","targetHints":{"allow":["GET"]}}],"collection":[{"href":"https:\/\/marka.belin.pl\/index.php?rest_route=\/wp\/v2\/product"}],"about":[{"href":"https:\/\/marka.belin.pl\/index.php?rest_route=\/wp\/v2\/types\/product"}],"replies":[{"embeddable":true,"href":"https:\/\/marka.belin.pl\/index.php?rest_route=%2Fwp%2Fv2%2Fcomments&post=61"}],"wp:featuredmedia":[{"embeddable":true,"href":"https:\/\/marka.belin.pl\/index.php?rest_route=\/wp\/v2\/media\/1701"}],"wp:attachment":[{"href":"https:\/\/marka.belin.pl\/index.php?rest_route=%2Fwp%2Fv2%2Fmedia&parent=61"}],"wp:term":[{"taxonomy":"product_brand","embeddable":true,"href":"https:\/\/marka.belin.pl\/index.php?rest_route=%2Fwp%2Fv2%2Fproduct_brand&post=61"},{"taxonomy":"product_cat","embeddable":true,"href":"https:\/\/marka.belin.pl\/index.php?rest_route=%2Fwp%2Fv2%2Fproduct_cat&post=61"},{"taxonomy":"product_tag","embeddable":true,"href":"https:\/\/marka.belin.pl\/index.php?rest_route=%2Fwp%2Fv2%2Fproduct_tag&post=61"}],"curies":[{"name":"wp","href":"https:\/\/api.w.org\/{rel}","templated":true}]}}