{"id":68,"date":"2016-10-01T20:49:22","date_gmt":"2016-10-01T18:49:22","guid":{"rendered":"http:\/\/belin-marka.jtcsoftware.pl\/?post_type=product&#038;p=68"},"modified":"2018-06-04T14:06:30","modified_gmt":"2018-06-04T12:06:30","slug":"herbatka-owocowa-o-smaku-wisni-2","status":"publish","type":"product","link":"https:\/\/marka.belin.pl\/?product=herbatka-owocowa-o-smaku-wisni-2","title":{"rendered":"Herbatka owocowa o smaku wi\u015bni"},"content":{"rendered":"<p><span data-sheets-value=\"{&quot;1&quot;:2,&quot;2&quot;:&quot;Przywo\\u0142aj wspomnienia z dzieci\\u0144stwa przy pomocy fili\\u017canki herbaty, kt\\u00f3ra uwiedzie Twoje zmys\\u0142y  intensywnym aromatem i smakiem s\\u0142odkiej wi\\u015bni. Daj si\\u0119 porwa\\u0107 w sentymentaln\\u0105 podr\\u00f3\\u017c i wpu\\u015b\\u0107 wi\\u015bniowy sad do swojego domu.&quot;}\" data-sheets-userformat=\"{&quot;2&quot;:258,&quot;4&quot;:{&quot;1&quot;:2,&quot;2&quot;:9684093},&quot;11&quot;:4}\">Przywo\u0142aj wspomnienia z dzieci\u0144stwa przy pomocy fili\u017canki herbaty, kt\u00f3ra uwiedzie Twoje zmys\u0142y intensywnym aromatem i smakiem s\u0142odkiej wi\u015bni. Daj si\u0119 porwa\u0107 w sentymentaln\u0105 podr\u00f3\u017c i wpu\u015b\u0107 wi\u015bniowy sad do swojego domu.<\/span><\/p>\n","protected":false},"excerpt":{"rendered":"<p>Przywo\u0142aj wspomnienia z dzieci\u0144stwa przy pomocy fili\u017canki herbaty, kt\u00f3ra uwiedzie Twoje zmys\u0142y intensywnym aromatem i smakiem s\u0142odkiej wi\u015bni. Daj si\u0119 porwa\u0107 w sentymentaln\u0105 podr\u00f3\u017c i wpu\u015b\u0107 wi\u015bniowy sad do swojego domu.<\/p>\n","protected":false},"featured_media":498,"comment_status":"open","ping_status":"closed","template":"","meta":{"_acf_changed":false},"product_brand":[],"product_cat":[56],"product_tag":[],"class_list":{"0":"post-68","1":"product","2":"type-product","3":"status-publish","4":"has-post-thumbnail","6":"product_cat-herbaty-ekspresowe-premium-w-saszetkach-dwukomorowych-i-kopertkach","9":"first","10":"instock","11":"shipping-taxable","12":"product-type-simple"},"acf":[],"_links":{"self":[{"href":"https:\/\/marka.belin.pl\/index.php?rest_route=\/wp\/v2\/product\/68","targetHints":{"allow":["GET"]}}],"collection":[{"href":"https:\/\/marka.belin.pl\/index.php?rest_route=\/wp\/v2\/product"}],"about":[{"href":"https:\/\/marka.belin.pl\/index.php?rest_route=\/wp\/v2\/types\/product"}],"replies":[{"embeddable":true,"href":"https:\/\/marka.belin.pl\/index.php?rest_route=%2Fwp%2Fv2%2Fcomments&post=68"}],"wp:featuredmedia":[{"embeddable":true,"href":"https:\/\/marka.belin.pl\/index.php?rest_route=\/wp\/v2\/media\/498"}],"wp:attachment":[{"href":"https:\/\/marka.belin.pl\/index.php?rest_route=%2Fwp%2Fv2%2Fmedia&parent=68"}],"wp:term":[{"taxonomy":"product_brand","embeddable":true,"href":"https:\/\/marka.belin.pl\/index.php?rest_route=%2Fwp%2Fv2%2Fproduct_brand&post=68"},{"taxonomy":"product_cat","embeddable":true,"href":"https:\/\/marka.belin.pl\/index.php?rest_route=%2Fwp%2Fv2%2Fproduct_cat&post=68"},{"taxonomy":"product_tag","embeddable":true,"href":"https:\/\/marka.belin.pl\/index.php?rest_route=%2Fwp%2Fv2%2Fproduct_tag&post=68"}],"curies":[{"name":"wp","href":"https:\/\/api.w.org\/{rel}","templated":true}]}}