{"id":71,"date":"2016-10-01T22:13:40","date_gmt":"2016-10-01T20:13:40","guid":{"rendered":"http:\/\/belin-marka.jtcsoftware.pl\/?post_type=product&#038;p=71"},"modified":"2018-06-04T14:06:49","modified_gmt":"2018-06-04T12:06:49","slug":"herbatka-owocowa-o-smaku-czarnej-porzeczki","status":"publish","type":"product","link":"https:\/\/marka.belin.pl\/?product=herbatka-owocowa-o-smaku-czarnej-porzeczki","title":{"rendered":"Herbatka owocowa o smaku czarnej porzeczki"},"content":{"rendered":"<p><span data-sheets-value=\"{&quot;1&quot;:2,&quot;2&quot;:&quot;Czarna porzeczka, cz\\u0119sto nazywana bomb\\u0105 witaminow\\u0105. Dzi\\u0119ki swojemu orze\\u017awiaj\\u0105cemu aromatowi jest jak \\u015bwie\\u017ca bryza. O poranku, nawet najwi\\u0119kszego \\u015bpiocha rozbudzi obietnic\\u0105 przygody, kt\\u00f3r\\u0105 niesie nowy dzie\\u0144.&quot;}\" data-sheets-userformat=\"{&quot;2&quot;:256,&quot;11&quot;:4}\">Czarna porzeczka, cz\u0119sto nazywana bomb\u0105 witaminow\u0105. Dzi\u0119ki swojemu orze\u017awiaj\u0105cemu aromatowi jest jak \u015bwie\u017ca bryza. O poranku, nawet najwi\u0119kszego \u015bpiocha rozbudzi obietnic\u0105 przygody, kt\u00f3r\u0105 niesie nowy dzie\u0144.<\/span><\/p>\n","protected":false},"excerpt":{"rendered":"<p>Czarna porzeczka, cz\u0119sto nazywana bomb\u0105 witaminow\u0105<\/p>\n","protected":false},"featured_media":72,"comment_status":"open","ping_status":"closed","template":"","meta":{"_acf_changed":false},"product_brand":[],"product_cat":[56],"product_tag":[],"class_list":{"0":"post-71","1":"product","2":"type-product","3":"status-publish","4":"has-post-thumbnail","6":"product_cat-herbaty-ekspresowe-premium-w-saszetkach-dwukomorowych-i-kopertkach","9":"first","10":"instock","11":"shipping-taxable","12":"product-type-simple"},"acf":[],"_links":{"self":[{"href":"https:\/\/marka.belin.pl\/index.php?rest_route=\/wp\/v2\/product\/71","targetHints":{"allow":["GET"]}}],"collection":[{"href":"https:\/\/marka.belin.pl\/index.php?rest_route=\/wp\/v2\/product"}],"about":[{"href":"https:\/\/marka.belin.pl\/index.php?rest_route=\/wp\/v2\/types\/product"}],"replies":[{"embeddable":true,"href":"https:\/\/marka.belin.pl\/index.php?rest_route=%2Fwp%2Fv2%2Fcomments&post=71"}],"wp:featuredmedia":[{"embeddable":true,"href":"https:\/\/marka.belin.pl\/index.php?rest_route=\/wp\/v2\/media\/72"}],"wp:attachment":[{"href":"https:\/\/marka.belin.pl\/index.php?rest_route=%2Fwp%2Fv2%2Fmedia&parent=71"}],"wp:term":[{"taxonomy":"product_brand","embeddable":true,"href":"https:\/\/marka.belin.pl\/index.php?rest_route=%2Fwp%2Fv2%2Fproduct_brand&post=71"},{"taxonomy":"product_cat","embeddable":true,"href":"https:\/\/marka.belin.pl\/index.php?rest_route=%2Fwp%2Fv2%2Fproduct_cat&post=71"},{"taxonomy":"product_tag","embeddable":true,"href":"https:\/\/marka.belin.pl\/index.php?rest_route=%2Fwp%2Fv2%2Fproduct_tag&post=71"}],"curies":[{"name":"wp","href":"https:\/\/api.w.org\/{rel}","templated":true}]}}