{"id":73,"date":"2016-10-01T22:19:27","date_gmt":"2016-10-01T20:19:27","guid":{"rendered":"http:\/\/belin-marka.jtcsoftware.pl\/?post_type=product&#038;p=73"},"modified":"2018-06-04T14:07:00","modified_gmt":"2018-06-04T12:07:00","slug":"herbatka-ziolowa-mieta","status":"publish","type":"product","link":"https:\/\/marka.belin.pl\/?product=herbatka-ziolowa-mieta","title":{"rendered":"Herbatka zio\u0142owa mi\u0119ta"},"content":{"rendered":"<p><span data-sheets-value=\"{&quot;1&quot;:2,&quot;2&quot;:&quot;Dzi\\u0119ki swojemu pobudzaj\\u0105cemu, intensywnemu aromatowi i \\u0142agodnemu posmakowi, mi\\u0119ta kr\\u00f3luje w fili\\u017cankach od setek lat. Podawana na ciep\\u0142o lub dla och\\u0142ody z lodem i cukrem \\u2013 swoim smakiem, niczym tradycja, \\u0142\\u0105czy pokolenia.&quot;}\" data-sheets-userformat=\"{&quot;2&quot;:256,&quot;11&quot;:4}\">Dzi\u0119ki swojemu pobudzaj\u0105cemu, intensywnemu aromatowi i \u0142agodnemu posmakowi, mi\u0119ta kr\u00f3luje w fili\u017cankach od setek lat. Podawana na ciep\u0142o lub dla och\u0142ody z lodem i cukrem \u2013 swoim smakiem, niczym tradycja, \u0142\u0105czy pokolenia.<\/span><\/p>\n","protected":false},"excerpt":{"rendered":"<p>Dzi\u0119ki swojemu pobudzaj\u0105cemu, intensywnemu aromatowi i \u0142agodnemu posmakowi, mi\u0119ta kr\u00f3luje w fili\u017cankach od setek lat. Podawana na ciep\u0142o lub dla och\u0142ody z lodem i cukrem \u2013 swoim smakiem, niczym tradycja, \u0142\u0105czy pokolenia.<\/p>\n","protected":false},"featured_media":74,"comment_status":"open","ping_status":"closed","template":"","meta":{"_acf_changed":false},"product_brand":[],"product_cat":[56],"product_tag":[],"class_list":{"0":"post-73","1":"product","2":"type-product","3":"status-publish","4":"has-post-thumbnail","6":"product_cat-herbaty-ekspresowe-premium-w-saszetkach-dwukomorowych-i-kopertkach","9":"first","10":"instock","11":"shipping-taxable","12":"product-type-simple"},"acf":[],"_links":{"self":[{"href":"https:\/\/marka.belin.pl\/index.php?rest_route=\/wp\/v2\/product\/73","targetHints":{"allow":["GET"]}}],"collection":[{"href":"https:\/\/marka.belin.pl\/index.php?rest_route=\/wp\/v2\/product"}],"about":[{"href":"https:\/\/marka.belin.pl\/index.php?rest_route=\/wp\/v2\/types\/product"}],"replies":[{"embeddable":true,"href":"https:\/\/marka.belin.pl\/index.php?rest_route=%2Fwp%2Fv2%2Fcomments&post=73"}],"wp:featuredmedia":[{"embeddable":true,"href":"https:\/\/marka.belin.pl\/index.php?rest_route=\/wp\/v2\/media\/74"}],"wp:attachment":[{"href":"https:\/\/marka.belin.pl\/index.php?rest_route=%2Fwp%2Fv2%2Fmedia&parent=73"}],"wp:term":[{"taxonomy":"product_brand","embeddable":true,"href":"https:\/\/marka.belin.pl\/index.php?rest_route=%2Fwp%2Fv2%2Fproduct_brand&post=73"},{"taxonomy":"product_cat","embeddable":true,"href":"https:\/\/marka.belin.pl\/index.php?rest_route=%2Fwp%2Fv2%2Fproduct_cat&post=73"},{"taxonomy":"product_tag","embeddable":true,"href":"https:\/\/marka.belin.pl\/index.php?rest_route=%2Fwp%2Fv2%2Fproduct_tag&post=73"}],"curies":[{"name":"wp","href":"https:\/\/api.w.org\/{rel}","templated":true}]}}