{"id":75,"date":"2016-10-01T22:24:52","date_gmt":"2016-10-01T20:24:52","guid":{"rendered":"http:\/\/belin-marka.jtcsoftware.pl\/?post_type=product&#038;p=75"},"modified":"2018-06-04T14:07:09","modified_gmt":"2018-06-04T12:07:09","slug":"herbatka-owocowa-o-smaku-jablka-z-witamina-c","status":"publish","type":"product","link":"https:\/\/marka.belin.pl\/?product=herbatka-owocowa-o-smaku-jablka-z-witamina-c","title":{"rendered":"Herbatka owocowa o smaku jab\u0142ka z witamin\u0105 C"},"content":{"rendered":"<p><span data-sheets-value=\"{&quot;1&quot;:2,&quot;2&quot;:&quot;Zasmakuj w zdrowiu z owocow\\u0105 herbatk\\u0105 o smaku jab\\u0142ka z dodatkiem witaminy C. Zadbaj o swoj\\u0105 rodzin\\u0119 z pomoc\\u0105 herbatki owocowej o smaku jab\\u0142ka, kt\\u00f3r\\u0105 wzbogacili\\u015bmy o witamin\\u0119 C. Jest ona niezb\\u0119dna dla organizmu \\u2013 wspomaga prac\\u0119 uk\\u0142adu odporno\\u015bciowego i pozwala zwalcza\\u0107 infekcje. Smak jab\\u0142ka przypadnie do gustu nawet wybrednym, ma\\u0142ym niejadkom wci\\u0105\\u017c kr\\u0119c\\u0105cych nosem na zdrowe przek\\u0105ski i napoje. To idealna propozycja dla ca\\u0142ej rodziny&quot;}\" data-sheets-userformat=\"{&quot;2&quot;:256,&quot;11&quot;:4}\">Zadbaj o swoj\u0105 rodzin\u0119 z pomoc\u0105 herbatki owocowej o smaku jab\u0142ka, kt\u00f3r\u0105 wzbogacili\u015bmy o witamin\u0119 C. Jest ona niezb\u0119dna dla organizmu \u2013 wspomaga prac\u0119 uk\u0142adu odporno\u015bciowego i pozwala zwalcza\u0107 infekcje. Smak jab\u0142ka przypadnie do gustu nawet wybrednym, ma\u0142ym niejadkom wci\u0105\u017c kr\u0119c\u0105cych nosem na zdrowe przek\u0105ski i napoje. To idealna propozycja dla ca\u0142ej rodziny.<\/span><\/p>\n","protected":false},"excerpt":{"rendered":"<p>Zasmakuj w zdrowiu z owocow\u0105 herbatk\u0105 o smaku jab\u0142ka z dodatkiem witaminy C<\/p>\n","protected":false},"featured_media":76,"comment_status":"open","ping_status":"closed","template":"","meta":{"_acf_changed":false},"product_brand":[],"product_cat":[56],"product_tag":[],"class_list":{"0":"post-75","1":"product","2":"type-product","3":"status-publish","4":"has-post-thumbnail","6":"product_cat-herbaty-ekspresowe-premium-w-saszetkach-dwukomorowych-i-kopertkach","9":"first","10":"instock","11":"shipping-taxable","12":"product-type-simple"},"acf":[],"_links":{"self":[{"href":"https:\/\/marka.belin.pl\/index.php?rest_route=\/wp\/v2\/product\/75","targetHints":{"allow":["GET"]}}],"collection":[{"href":"https:\/\/marka.belin.pl\/index.php?rest_route=\/wp\/v2\/product"}],"about":[{"href":"https:\/\/marka.belin.pl\/index.php?rest_route=\/wp\/v2\/types\/product"}],"replies":[{"embeddable":true,"href":"https:\/\/marka.belin.pl\/index.php?rest_route=%2Fwp%2Fv2%2Fcomments&post=75"}],"wp:featuredmedia":[{"embeddable":true,"href":"https:\/\/marka.belin.pl\/index.php?rest_route=\/wp\/v2\/media\/76"}],"wp:attachment":[{"href":"https:\/\/marka.belin.pl\/index.php?rest_route=%2Fwp%2Fv2%2Fmedia&parent=75"}],"wp:term":[{"taxonomy":"product_brand","embeddable":true,"href":"https:\/\/marka.belin.pl\/index.php?rest_route=%2Fwp%2Fv2%2Fproduct_brand&post=75"},{"taxonomy":"product_cat","embeddable":true,"href":"https:\/\/marka.belin.pl\/index.php?rest_route=%2Fwp%2Fv2%2Fproduct_cat&post=75"},{"taxonomy":"product_tag","embeddable":true,"href":"https:\/\/marka.belin.pl\/index.php?rest_route=%2Fwp%2Fv2%2Fproduct_tag&post=75"}],"curies":[{"name":"wp","href":"https:\/\/api.w.org\/{rel}","templated":true}]}}