{"id":79,"date":"2016-10-01T22:29:47","date_gmt":"2016-10-01T20:29:47","guid":{"rendered":"http:\/\/belin-marka.jtcsoftware.pl\/?post_type=product&#038;p=79"},"modified":"2018-06-04T14:07:31","modified_gmt":"2018-06-04T12:07:31","slug":"herbata-zielona-aromatyzowana-o-smaku-cytryny","status":"publish","type":"product","link":"https:\/\/marka.belin.pl\/?product=herbata-zielona-aromatyzowana-o-smaku-cytryny","title":{"rendered":"Herbata zielona o smaku cytryny"},"content":{"rendered":"<p>\u0141agodny smak zielonej herbaty podkre\u015blili\u015bmy nut\u0105 cytryny, aby wydoby\u0107 jak najwi\u0119cej aromatu. Cytryna pomaga zadba\u0107 o uk\u0142ad odporno\u015bciowy oraz reguluje prac\u0119 p\u0119cherza moczowego. Torebki pozbawione metalowych element\u00f3w, zawieszone na bawe\u0142nianej nitce sprawiaj\u0105, \u017ce nic nie zak\u0142\u00f3ca idealnego smaku naszej herbaty. Ekologiczne opakowania przypadn\u0105 do gustu wielbicielom herbat, kt\u00f3rzy troszcz\u0105 si\u0119 o \u015brodowisko. Wszystkie te zalety zamkn\u0119li\u015bmy w niewielkim kartoniku i kopertach chroni\u0105cych przed utrat\u0105 aromatu.<\/p>\n","protected":false},"excerpt":{"rendered":"<p>Niezast\u0105piony duet w nowej, eleganckiej ods\u0142onie \u2013 zielona herbata i cytryna<\/p>\n","protected":false},"featured_media":80,"comment_status":"open","ping_status":"closed","template":"","meta":{"_acf_changed":false},"product_brand":[],"product_cat":[56],"product_tag":[],"class_list":{"0":"post-79","1":"product","2":"type-product","3":"status-publish","4":"has-post-thumbnail","6":"product_cat-herbaty-ekspresowe-premium-w-saszetkach-dwukomorowych-i-kopertkach","9":"first","10":"instock","11":"shipping-taxable","12":"product-type-simple"},"acf":[],"_links":{"self":[{"href":"https:\/\/marka.belin.pl\/index.php?rest_route=\/wp\/v2\/product\/79","targetHints":{"allow":["GET"]}}],"collection":[{"href":"https:\/\/marka.belin.pl\/index.php?rest_route=\/wp\/v2\/product"}],"about":[{"href":"https:\/\/marka.belin.pl\/index.php?rest_route=\/wp\/v2\/types\/product"}],"replies":[{"embeddable":true,"href":"https:\/\/marka.belin.pl\/index.php?rest_route=%2Fwp%2Fv2%2Fcomments&post=79"}],"wp:featuredmedia":[{"embeddable":true,"href":"https:\/\/marka.belin.pl\/index.php?rest_route=\/wp\/v2\/media\/80"}],"wp:attachment":[{"href":"https:\/\/marka.belin.pl\/index.php?rest_route=%2Fwp%2Fv2%2Fmedia&parent=79"}],"wp:term":[{"taxonomy":"product_brand","embeddable":true,"href":"https:\/\/marka.belin.pl\/index.php?rest_route=%2Fwp%2Fv2%2Fproduct_brand&post=79"},{"taxonomy":"product_cat","embeddable":true,"href":"https:\/\/marka.belin.pl\/index.php?rest_route=%2Fwp%2Fv2%2Fproduct_cat&post=79"},{"taxonomy":"product_tag","embeddable":true,"href":"https:\/\/marka.belin.pl\/index.php?rest_route=%2Fwp%2Fv2%2Fproduct_tag&post=79"}],"curies":[{"name":"wp","href":"https:\/\/api.w.org\/{rel}","templated":true}]}}