{"id":97,"date":"2016-10-01T23:34:46","date_gmt":"2016-10-01T21:34:46","guid":{"rendered":"http:\/\/belin-marka.jtcsoftware.pl\/?post_type=product&#038;p=97"},"modified":"2017-01-28T13:37:48","modified_gmt":"2017-01-28T12:37:48","slug":"herbata-czarna-ceylon-w-kopertce","status":"publish","type":"product","link":"https:\/\/marka.belin.pl\/?product=herbata-czarna-ceylon-w-kopertce","title":{"rendered":"Herbata czarna Ceylon w kopertce"},"content":{"rendered":"<p><span data-sheets-value=\"{&quot;1&quot;:2,&quot;2&quot;:&quot;Najwy\\u017csza jako\\u015b\\u0107, najlepszy smak \\u2013 prosto z Cejlonu\\nTroska o \\u015brodowisko nie jest nam obca, dlatego nasze torebki s\\u0105 zawieszone na bawe\\u0142nianej nitce i nie zawieraj\\u0105 metalowych element\\u00f3w. Ka\\u017cd\\u0105 torebk\\u0119 pakujemy w osobn\\u0105 kopertk\\u0119, aby\\u015b m\\u00f3g\\u0142 cieszy\\u0107 si\\u0119 smakiem herbaty, nie martwi\\u0105c si\\u0119, \\u017ce aromat ulatuje ka\\u017cdego dnia.  Zapakowana w ekonomiczne opakowania, licz\\u0105ce a\\u017c sto torebek stanie si\\u0119 kompanem ka\\u017cdego dnia.&quot;}\" data-sheets-userformat=\"{&quot;2&quot;:256,&quot;11&quot;:4}\">Troska o \u015brodowisko nie jest nam obca, dlatego nasze torebki s\u0105 zawieszone na bawe\u0142nianej nitce i nie zawieraj\u0105 metalowych element\u00f3w. Ka\u017cd\u0105 torebk\u0119 pakujemy w osobn\u0105 kopertk\u0119, aby\u015b m\u00f3g\u0142 cieszy\u0107 si\u0119 smakiem herbaty, nie martwi\u0105c si\u0119, \u017ce aromat ulatuje ka\u017cdego dnia. Zapakowana w ekonomiczne opakowania, licz\u0105ce a\u017c sto torebek stanie si\u0119 kompanem ka\u017cdego dnia.<\/span><\/p>\n","protected":false},"excerpt":{"rendered":"<p>Najwy\u017csza jako\u015b\u0107, najlepszy smak \u2013 prosto z Cejlonu<\/p>\n","protected":false},"featured_media":98,"comment_status":"open","ping_status":"closed","template":"","meta":{"_acf_changed":false},"product_brand":[],"product_cat":[23],"product_tag":[],"class_list":{"0":"post-97","1":"product","2":"type-product","3":"status-publish","4":"has-post-thumbnail","6":"product_cat-herbaty-ekspresowe-premium","9":"first","10":"instock","11":"shipping-taxable","12":"product-type-simple"},"acf":[],"_links":{"self":[{"href":"https:\/\/marka.belin.pl\/index.php?rest_route=\/wp\/v2\/product\/97","targetHints":{"allow":["GET"]}}],"collection":[{"href":"https:\/\/marka.belin.pl\/index.php?rest_route=\/wp\/v2\/product"}],"about":[{"href":"https:\/\/marka.belin.pl\/index.php?rest_route=\/wp\/v2\/types\/product"}],"replies":[{"embeddable":true,"href":"https:\/\/marka.belin.pl\/index.php?rest_route=%2Fwp%2Fv2%2Fcomments&post=97"}],"wp:featuredmedia":[{"embeddable":true,"href":"https:\/\/marka.belin.pl\/index.php?rest_route=\/wp\/v2\/media\/98"}],"wp:attachment":[{"href":"https:\/\/marka.belin.pl\/index.php?rest_route=%2Fwp%2Fv2%2Fmedia&parent=97"}],"wp:term":[{"taxonomy":"product_brand","embeddable":true,"href":"https:\/\/marka.belin.pl\/index.php?rest_route=%2Fwp%2Fv2%2Fproduct_brand&post=97"},{"taxonomy":"product_cat","embeddable":true,"href":"https:\/\/marka.belin.pl\/index.php?rest_route=%2Fwp%2Fv2%2Fproduct_cat&post=97"},{"taxonomy":"product_tag","embeddable":true,"href":"https:\/\/marka.belin.pl\/index.php?rest_route=%2Fwp%2Fv2%2Fproduct_tag&post=97"}],"curies":[{"name":"wp","href":"https:\/\/api.w.org\/{rel}","templated":true}]}}