{"id":99,"date":"2016-10-01T23:38:17","date_gmt":"2016-10-01T21:38:17","guid":{"rendered":"http:\/\/belin-marka.jtcsoftware.pl\/?post_type=product&#038;p=99"},"modified":"2017-01-28T13:37:22","modified_gmt":"2017-01-28T12:37:22","slug":"herbata-czarna-ceylon-2","status":"publish","type":"product","link":"https:\/\/marka.belin.pl\/?product=herbata-czarna-ceylon-2","title":{"rendered":"Herbata czarna Ceylon"},"content":{"rendered":"<p><span data-sheets-value=\"{&quot;1&quot;:2,&quot;2&quot;:&quot;Cejlo\\u0144ski aromat w twojej kuchni\\nWyobra\\u017a sobie towarowy statek za\\u0142adowany smakiem i aromatem najwy\\u017cszej jako\\u015bci herbaty, kt\\u00f3ra zmierza z Cejlonu wprost do twojej kuchni. Nasz\\u0105 herbat\\u0119 sprowadzamy z azjatyckiej wyspy, specjalnie aby\\u015b m\\u00f3g\\u0142 rozsmakowa\\u0107 si\\u0119 w niej co dzie\\u0144 o poranku. Zapakowana w ekonomiczne opakowania, licz\\u0105ce a\\u017c sto torebek stanie si\\u0119 kompanem ka\\u017cdego \\u015bniadania. Naturalne i wyselekcjonowane sk\\u0142adniki sprawi\\u0105, \\u017ce zanurzysz si\\u0119 w g\\u0142\\u0119bi jej aromatu.&quot;}\" data-sheets-userformat=\"{&quot;2&quot;:256,&quot;11&quot;:4}\">Wyobra\u017a sobie towarowy statek za\u0142adowany smakiem i aromatem najwy\u017cszej jako\u015bci herbaty, kt\u00f3ra zmierza z Cejlonu wprost do twojej kuchni. Nasz\u0105 herbat\u0119 sprowadzamy z azjatyckiej wyspy, specjalnie aby\u015b m\u00f3g\u0142 rozsmakowa\u0107 si\u0119 w niej co dzie\u0144 o poranku. Zapakowana w ekonomiczne opakowania, licz\u0105ce a\u017c sto torebek stanie si\u0119 kompanem ka\u017cdego \u015bniadania. Naturalne i wyselekcjonowane sk\u0142adniki sprawi\u0105, \u017ce zanurzysz si\u0119 w g\u0142\u0119bi jej aromatu.<\/span><\/p>\n","protected":false},"excerpt":{"rendered":"<p>Cejlo\u0144ski aromat w twojej kuchni<\/p>\n","protected":false},"featured_media":100,"comment_status":"open","ping_status":"closed","template":"","meta":{"_acf_changed":false},"product_brand":[],"product_cat":[23],"product_tag":[],"class_list":{"0":"post-99","1":"product","2":"type-product","3":"status-publish","4":"has-post-thumbnail","6":"product_cat-herbaty-ekspresowe-premium","9":"first","10":"instock","11":"shipping-taxable","12":"product-type-simple"},"acf":[],"_links":{"self":[{"href":"https:\/\/marka.belin.pl\/index.php?rest_route=\/wp\/v2\/product\/99","targetHints":{"allow":["GET"]}}],"collection":[{"href":"https:\/\/marka.belin.pl\/index.php?rest_route=\/wp\/v2\/product"}],"about":[{"href":"https:\/\/marka.belin.pl\/index.php?rest_route=\/wp\/v2\/types\/product"}],"replies":[{"embeddable":true,"href":"https:\/\/marka.belin.pl\/index.php?rest_route=%2Fwp%2Fv2%2Fcomments&post=99"}],"wp:featuredmedia":[{"embeddable":true,"href":"https:\/\/marka.belin.pl\/index.php?rest_route=\/wp\/v2\/media\/100"}],"wp:attachment":[{"href":"https:\/\/marka.belin.pl\/index.php?rest_route=%2Fwp%2Fv2%2Fmedia&parent=99"}],"wp:term":[{"taxonomy":"product_brand","embeddable":true,"href":"https:\/\/marka.belin.pl\/index.php?rest_route=%2Fwp%2Fv2%2Fproduct_brand&post=99"},{"taxonomy":"product_cat","embeddable":true,"href":"https:\/\/marka.belin.pl\/index.php?rest_route=%2Fwp%2Fv2%2Fproduct_cat&post=99"},{"taxonomy":"product_tag","embeddable":true,"href":"https:\/\/marka.belin.pl\/index.php?rest_route=%2Fwp%2Fv2%2Fproduct_tag&post=99"}],"curies":[{"name":"wp","href":"https:\/\/api.w.org\/{rel}","templated":true}]}}